{"id":10840,"date":"2001-11-22T14:04:35","date_gmt":"2001-11-22T14:04:35","guid":{"rendered":"https:\/\/konstruktion.vamtam.com\/?page_id=10840"},"modified":"2024-02-11T20:14:55","modified_gmt":"2024-02-11T20:14:55","slug":"manuel-mitchell","status":"publish","type":"page","link":"https:\/\/north-steelhomes.com\/en\/leadership\/manuel-mitchell\/","title":{"rendered":"Ender Aydo\u011fdu"},"content":{"rendered":"<div data-elementor-type=\"wp-page\" data-elementor-id=\"10840\" class=\"elementor elementor-10840\">\n\t\t\t\t\t\t\t\t\t<section class=\"elementor-section elementor-top-section elementor-element elementor-element-64af845 elementor-section-boxed elementor-section-height-default elementor-section-height-default\" data-id=\"64af845\" data-element_type=\"section\">\n\t\t\t\t\t\t<div class=\"elementor-container elementor-column-gap-no\">\n\t\t\t\t\t<div class=\"elementor-column elementor-col-33 elementor-top-column elementor-element elementor-element-1039a2ae\" data-id=\"1039a2ae\" data-element_type=\"column\">\n\t\t\t<div class=\"elementor-widget-wrap elementor-element-populated\">\n\t\t\t\t\t\t\t\t<div class=\"elementor-element elementor-element-7ff45c33 elementor-widget elementor-widget-image\" data-id=\"7ff45c33\" data-element_type=\"widget\" data-widget_type=\"image.default\">\n\t\t\t\t<div class=\"elementor-widget-container\">\n\t\t\t\t\t\t\t\t\t\t\t\t\t\t\t<img loading=\"lazy\" decoding=\"async\" width=\"800\" height=\"1000\" src=\"https:\/\/north-steelhomes.com\/wp-content\/uploads\/2022\/12\/Ender_Aydogdu.png\" class=\"attachment-full size-full wp-image-987941\" alt=\"Ender_Aydo\u011fdu\" srcset=\"https:\/\/north-steelhomes.com\/wp-content\/uploads\/2022\/12\/Ender_Aydogdu.png 800w, https:\/\/north-steelhomes.com\/wp-content\/uploads\/2022\/12\/Ender_Aydogdu-240x300.png 240w, https:\/\/north-steelhomes.com\/wp-content\/uploads\/2022\/12\/Ender_Aydogdu-768x960.png 768w\" sizes=\"(max-width: 800px) 100vw, 800px\" \/>\t\t\t\t\t\t\t\t\t\t\t\t\t\t\t<\/div>\n\t\t\t\t<\/div>\n\t\t\t\t\t<\/div>\n\t\t<\/div>\n\t\t\t\t<div class=\"elementor-column elementor-col-66 elementor-top-column elementor-element elementor-element-19a234f\" data-id=\"19a234f\" data-element_type=\"column\">\n\t\t\t<div class=\"elementor-widget-wrap elementor-element-populated\">\n\t\t\t\t\t\t\t\t<div class=\"vamtam-has-theme-widget-styles elementor-element elementor-element-9b0c5bb vamtam-has-underline-anim elementor-widget elementor-widget-button\" data-id=\"9b0c5bb\" data-element_type=\"widget\" data-widget_type=\"button.default\">\n\t\t\t\t<div class=\"elementor-widget-container\">\n\t\t\t\t\t<div class=\"elementor-button-wrapper\">\n\t\t\t<a href=\"https:\/\/north-steelhomes.com\/en\/leadership\/\" class=\"elementor-button-link elementor-button elementor-size-sm\" role=\"button\">\n\t\t\t\t\t\t<span class=\"elementor-button-content-wrapper\">\n\t\t\t\t\t\t\t<span class=\"elementor-button-icon elementor-align-icon-left\">\n\t\t\t\t<i aria-hidden=\"true\" class=\"vamtamtheme- vamtam-theme-arrow-left\"><\/i>\t\t\t<\/span>\n\t\t\t\t\t\t<span class=\"elementor-button-text\">T\u00fcm \u00c7al\u0131\u015fanlar\u0131m\u0131z<\/span>\n\t\t<\/span>\n\t\t\t\t\t<\/a>\n\t\t<\/div>\n\t\t\t\t<\/div>\n\t\t\t\t<\/div>\n\t\t\t\t<div class=\"elementor-element elementor-element-d4be1f5 elementor-widget elementor-widget-heading\" data-id=\"d4be1f5\" data-element_type=\"widget\" data-widget_type=\"heading.default\">\n\t\t\t\t<div class=\"elementor-widget-container\">\n\t\t\t<h4 class=\"elementor-heading-title elementor-size-default\">Project Manager, Architect<\/h4>\t\t<\/div>\n\t\t\t\t<\/div>\n\t\t\t\t<div class=\"vamtam-has-theme-widget-styles elementor-element elementor-element-609303c4 vamtam-has-underline-anim elementor-widget elementor-widget-button\" data-id=\"609303c4\" data-element_type=\"widget\" data-widget_type=\"button.default\">\n\t\t\t\t<div class=\"elementor-widget-container\">\n\t\t\t\t\t<div class=\"elementor-button-wrapper\">\n\t\t\t<a href=\"https:\/\/www.linkedin.com\/in\/ender-aydo%C4%9Fdu-a33857104\/\" target=\"_blank\" class=\"elementor-button-link elementor-button elementor-size-sm\" role=\"button\">\n\t\t\t\t\t\t<span class=\"elementor-button-content-wrapper\">\n\t\t\t\t\t\t<span class=\"elementor-button-text\">LInkedin PROF\u0130L\u0130<\/span>\n\t\t<\/span>\n\t\t\t\t\t<\/a>\n\t\t<\/div>\n\t\t\t\t<\/div>\n\t\t\t\t<\/div>\n\t\t\t\t\t<\/div>\n\t\t<\/div>\n\t\t\t\t\t\t\t<\/div>\n\t\t<\/section>\n\t\t\t\t<section class=\"elementor-section elementor-top-section elementor-element elementor-element-38fa08f5 elementor-section-boxed elementor-section-height-default elementor-section-height-default\" data-id=\"38fa08f5\" data-element_type=\"section\" data-settings=\"{&quot;background_background&quot;:&quot;classic&quot;}\">\n\t\t\t\t\t\t<div class=\"elementor-container elementor-column-gap-no\">\n\t\t\t\t\t<div class=\"elementor-column elementor-col-33 elementor-top-column elementor-element elementor-element-2bb6941d\" data-id=\"2bb6941d\" data-element_type=\"column\">\n\t\t\t<div class=\"elementor-widget-wrap elementor-element-populated\">\n\t\t\t\t\t\t\t\t<div class=\"elementor-element elementor-element-662711da elementor-widget elementor-widget-heading\" data-id=\"662711da\" data-element_type=\"widget\" data-widget_type=\"heading.default\">\n\t\t\t\t<div class=\"elementor-widget-container\">\n\t\t\t<span class=\"elementor-heading-title elementor-size-default\">Sekt\u00f6rel Bilgi Birikimi:<\/span>\t\t<\/div>\n\t\t\t\t<\/div>\n\t\t\t\t<div class=\"elementor-element elementor-element-67001cdc elementor-widget elementor-widget-heading\" data-id=\"67001cdc\" data-element_type=\"widget\" data-widget_type=\"heading.default\">\n\t\t\t\t<div class=\"elementor-widget-container\">\n\t\t\t<h4 class=\"elementor-heading-title elementor-size-default\">10 Y\u0131l<\/h4>\t\t<\/div>\n\t\t\t\t<\/div>\n\t\t\t\t<div class=\"elementor-element elementor-element-54cf42 elementor-widget-divider--view-line elementor-widget elementor-widget-divider\" data-id=\"54cf42\" data-element_type=\"widget\" data-widget_type=\"divider.default\">\n\t\t\t\t<div class=\"elementor-widget-container\">\n\t\t\t\t\t<div class=\"elementor-divider\">\n\t\t\t<span class=\"elementor-divider-separator\">\n\t\t\t\t\t\t<\/span>\n\t\t<\/div>\n\t\t\t\t<\/div>\n\t\t\t\t<\/div>\n\t\t\t\t<div class=\"elementor-element elementor-element-5e551e3 elementor-widget elementor-widget-heading\" data-id=\"5e551e3\" data-element_type=\"widget\" data-widget_type=\"heading.default\">\n\t\t\t\t<div class=\"elementor-widget-container\">\n\t\t\t<span class=\"elementor-heading-title elementor-size-default\">Sekt\u00f6rde Bulundu\u011fu Y\u0131l:<\/span>\t\t<\/div>\n\t\t\t\t<\/div>\n\t\t\t\t<div class=\"elementor-element elementor-element-74d7d6a1 elementor-widget elementor-widget-heading\" data-id=\"74d7d6a1\" data-element_type=\"widget\" data-widget_type=\"heading.default\">\n\t\t\t\t<div class=\"elementor-widget-container\">\n\t\t\t<h4 class=\"elementor-heading-title elementor-size-default\">15 Y\u0131l<\/h4>\t\t<\/div>\n\t\t\t\t<\/div>\n\t\t\t\t<div class=\"elementor-element elementor-element-7ca057f4 elementor-widget-divider--view-line elementor-widget elementor-widget-divider\" data-id=\"7ca057f4\" data-element_type=\"widget\" data-widget_type=\"divider.default\">\n\t\t\t\t<div class=\"elementor-widget-container\">\n\t\t\t\t\t<div class=\"elementor-divider\">\n\t\t\t<span class=\"elementor-divider-separator\">\n\t\t\t\t\t\t<\/span>\n\t\t<\/div>\n\t\t\t\t<\/div>\n\t\t\t\t<\/div>\n\t\t\t\t<div class=\"elementor-element elementor-element-37ed8a65 elementor-widget elementor-widget-heading\" data-id=\"37ed8a65\" data-element_type=\"widget\" data-widget_type=\"heading.default\">\n\t\t\t\t<div class=\"elementor-widget-container\">\n\t\t\t<span class=\"elementor-heading-title elementor-size-default\">\u00d6nemli Geli\u015fmeler:<\/span>\t\t<\/div>\n\t\t\t\t<\/div>\n\t\t\t\t<div class=\"elementor-element elementor-element-2e192d02 elementor-widget elementor-widget-heading\" data-id=\"2e192d02\" data-element_type=\"widget\" data-widget_type=\"heading.default\">\n\t\t\t\t<div class=\"elementor-widget-container\">\n\t\t\t<h4 class=\"elementor-heading-title elementor-size-default\">2022<\/h4>\t\t<\/div>\n\t\t\t\t<\/div>\n\t\t\t\t<div class=\"elementor-element elementor-element-6ba9fb47 elementor-widget elementor-widget-text-editor\" data-id=\"6ba9fb47\" data-element_type=\"widget\" data-widget_type=\"text-editor.default\">\n\t\t\t\t<div class=\"elementor-widget-container\">\n\t\t\t\t\t\t\tBoston Magazine\u2019s \u201c100 Most Influential People in Boston\u201d\t\t\t\t\t\t<\/div>\n\t\t\t\t<\/div>\n\t\t\t\t<div class=\"elementor-element elementor-element-189bfe52 elementor-widget elementor-widget-spacer\" data-id=\"189bfe52\" data-element_type=\"widget\" data-widget_type=\"spacer.default\">\n\t\t\t\t<div class=\"elementor-widget-container\">\n\t\t\t\t\t<div class=\"elementor-spacer\">\n\t\t\t<div class=\"elementor-spacer-inner\"><\/div>\n\t\t<\/div>\n\t\t\t\t<\/div>\n\t\t\t\t<\/div>\n\t\t\t\t<div class=\"elementor-element elementor-element-a30c4cb elementor-widget elementor-widget-heading\" data-id=\"a30c4cb\" data-element_type=\"widget\" data-widget_type=\"heading.default\">\n\t\t\t\t<div class=\"elementor-widget-container\">\n\t\t\t<h4 class=\"elementor-heading-title elementor-size-default\">2021<\/h4>\t\t<\/div>\n\t\t\t\t<\/div>\n\t\t\t\t<div class=\"elementor-element elementor-element-68e838da elementor-widget elementor-widget-text-editor\" data-id=\"68e838da\" data-element_type=\"widget\" data-widget_type=\"text-editor.default\">\n\t\t\t\t<div class=\"elementor-widget-container\">\n\t\t\t\t\t\t\tPerson of the Year Award \u2013 USA Construction Association \t\t\t\t\t\t<\/div>\n\t\t\t\t<\/div>\n\t\t\t\t<div class=\"elementor-element elementor-element-25f9ff81 elementor-widget elementor-widget-spacer\" data-id=\"25f9ff81\" data-element_type=\"widget\" data-widget_type=\"spacer.default\">\n\t\t\t\t<div class=\"elementor-widget-container\">\n\t\t\t\t\t<div class=\"elementor-spacer\">\n\t\t\t<div class=\"elementor-spacer-inner\"><\/div>\n\t\t<\/div>\n\t\t\t\t<\/div>\n\t\t\t\t<\/div>\n\t\t\t\t<div class=\"elementor-element elementor-element-f079708 elementor-widget elementor-widget-heading\" data-id=\"f079708\" data-element_type=\"widget\" data-widget_type=\"heading.default\">\n\t\t\t\t<div class=\"elementor-widget-container\">\n\t\t\t<h4 class=\"elementor-heading-title elementor-size-default\">2020<\/h4>\t\t<\/div>\n\t\t\t\t<\/div>\n\t\t\t\t<div class=\"elementor-element elementor-element-487f7ac5 elementor-widget elementor-widget-text-editor\" data-id=\"487f7ac5\" data-element_type=\"widget\" data-widget_type=\"text-editor.default\">\n\t\t\t\t<div class=\"elementor-widget-container\">\n\t\t\t\t\t\t\tHonorary Doctor of Business Administration, Curry College\t\t\t\t\t\t<\/div>\n\t\t\t\t<\/div>\n\t\t\t\t<div class=\"elementor-element elementor-element-5edf4cae elementor-widget elementor-widget-spacer\" data-id=\"5edf4cae\" data-element_type=\"widget\" data-widget_type=\"spacer.default\">\n\t\t\t\t<div class=\"elementor-widget-container\">\n\t\t\t\t\t<div class=\"elementor-spacer\">\n\t\t\t<div class=\"elementor-spacer-inner\"><\/div>\n\t\t<\/div>\n\t\t\t\t<\/div>\n\t\t\t\t<\/div>\n\t\t\t\t<div class=\"elementor-element elementor-element-61bc03ee elementor-widget elementor-widget-heading\" data-id=\"61bc03ee\" data-element_type=\"widget\" data-widget_type=\"heading.default\">\n\t\t\t\t<div class=\"elementor-widget-container\">\n\t\t\t<h4 class=\"elementor-heading-title elementor-size-default\">2018<\/h4>\t\t<\/div>\n\t\t\t\t<\/div>\n\t\t\t\t<div class=\"elementor-element elementor-element-5f7542f1 elementor-widget elementor-widget-text-editor\" data-id=\"5f7542f1\" data-element_type=\"widget\" data-widget_type=\"text-editor.default\">\n\t\t\t\t<div class=\"elementor-widget-container\">\n\t\t\t\t\t\t\tCommunity Leader Award \u2013 USA Construction Association\t\t\t\t\t\t<\/div>\n\t\t\t\t<\/div>\n\t\t\t\t\t<\/div>\n\t\t<\/div>\n\t\t\t\t<div class=\"elementor-column elementor-col-66 elementor-top-column elementor-element elementor-element-5a926636\" data-id=\"5a926636\" data-element_type=\"column\">\n\t\t\t<div class=\"elementor-widget-wrap elementor-element-populated\">\n\t\t\t\t\t\t\t\t<div class=\"elementor-element elementor-element-53174e32 elementor-widget elementor-widget-text-editor\" data-id=\"53174e32\" data-element_type=\"widget\" data-widget_type=\"text-editor.default\">\n\t\t\t\t<div class=\"elementor-widget-container\">\n\t\t\t\t\t\t\t<p>Ender Aydo\u011fdu &#8211; Proje M\u00fcd\u00fcr\u00fc, Mimar<\/p>\t\t\t\t\t\t<\/div>\n\t\t\t\t<\/div>\n\t\t\t\t\t<\/div>\n\t\t<\/div>\n\t\t\t\t\t\t\t<\/div>\n\t\t<\/section>\n\t\t\t\t\t\t\t<\/div>","protected":false},"excerpt":{"rendered":"<p><b>Project Manager, Architect<\/b><br \/><\/p>","protected":false},"author":2,"featured_media":987941,"parent":2220,"menu_order":0,"comment_status":"closed","ping_status":"closed","template":"","meta":{"footnotes":"","_joinchat":[]},"yoast_head":"<!-- This site is optimized with the Yoast SEO plugin v19.13 - https:\/\/yoast.com\/wordpress\/plugins\/seo\/ -->\n<title>Ender Aydo\u011fdu - Hayat\u0131n Sa\u011flam Hali!<\/title>\n<meta name=\"robots\" content=\"index, follow, max-snippet:-1, max-image-preview:large, max-video-preview:-1\" \/>\n<link rel=\"canonical\" href=\"https:\/\/north-steelhomes.com\/en\/leadership\/manuel-mitchell\/\" \/>\n<meta property=\"og:locale\" content=\"en_GB\" \/>\n<meta property=\"og:type\" content=\"article\" \/>\n<meta property=\"og:title\" content=\"Ender Aydo\u011fdu - Hayat\u0131n Sa\u011flam Hali!\" \/>\n<meta property=\"og:description\" content=\"Proje M\u00fcd\u00fcr\u00fc, Mimar\" \/>\n<meta property=\"og:url\" content=\"https:\/\/north-steelhomes.com\/en\/leadership\/manuel-mitchell\/\" \/>\n<meta property=\"og:site_name\" content=\"Hayat\u0131n Sa\u011flam Hali!\" \/>\n<meta property=\"article:modified_time\" content=\"2024-02-11T20:14:55+00:00\" \/>\n<meta property=\"og:image\" content=\"https:\/\/north-steelhomes.com\/wp-content\/uploads\/2022\/12\/Ender_Aydogdu.png\" \/>\n\t<meta property=\"og:image:width\" content=\"800\" \/>\n\t<meta property=\"og:image:height\" content=\"1000\" \/>\n\t<meta property=\"og:image:type\" content=\"image\/png\" \/>\n<meta name=\"twitter:card\" content=\"summary_large_image\" \/>\n<meta name=\"twitter:label1\" content=\"Estimated reading time\" \/>\n\t<meta name=\"twitter:data1\" content=\"1 minute\" \/>\n<script type=\"application\/ld+json\" class=\"yoast-schema-graph\">{\"@context\":\"https:\/\/schema.org\",\"@graph\":[{\"@type\":\"WebPage\",\"@id\":\"https:\/\/north-steelhomes.com\/leadership\/manuel-mitchell\/\",\"url\":\"https:\/\/north-steelhomes.com\/leadership\/manuel-mitchell\/\",\"name\":\"Ender Aydo\u011fdu - Hayat\u0131n Sa\u011flam Hali!\",\"isPartOf\":{\"@id\":\"https:\/\/north-steelhomes.com\/#website\"},\"datePublished\":\"2001-11-22T14:04:35+00:00\",\"dateModified\":\"2024-02-11T20:14:55+00:00\",\"breadcrumb\":{\"@id\":\"https:\/\/north-steelhomes.com\/leadership\/manuel-mitchell\/#breadcrumb\"},\"inLanguage\":\"en-GB\",\"potentialAction\":[{\"@type\":\"ReadAction\",\"target\":[\"https:\/\/north-steelhomes.com\/leadership\/manuel-mitchell\/\"]}]},{\"@type\":\"BreadcrumbList\",\"@id\":\"https:\/\/north-steelhomes.com\/leadership\/manuel-mitchell\/#breadcrumb\",\"itemListElement\":[{\"@type\":\"ListItem\",\"position\":1,\"name\":\"Home\",\"item\":\"https:\/\/north-steelhomes.com\/\"},{\"@type\":\"ListItem\",\"position\":2,\"name\":\"Sekt\u00f6rel Liderlik\",\"item\":\"https:\/\/north-steelhomes.com\/leadership\/\"},{\"@type\":\"ListItem\",\"position\":3,\"name\":\"Ender Aydo\u011fdu\"}]},{\"@type\":\"WebSite\",\"@id\":\"https:\/\/north-steelhomes.com\/#website\",\"url\":\"https:\/\/north-steelhomes.com\/\",\"name\":\"Hayat\u0131n Sa\u011flam Hali!\",\"description\":\"\",\"publisher\":{\"@id\":\"https:\/\/north-steelhomes.com\/#organization\"},\"potentialAction\":[{\"@type\":\"SearchAction\",\"target\":{\"@type\":\"EntryPoint\",\"urlTemplate\":\"https:\/\/north-steelhomes.com\/?s={search_term_string}\"},\"query-input\":\"required name=search_term_string\"}],\"inLanguage\":\"en-GB\"},{\"@type\":\"Organization\",\"@id\":\"https:\/\/north-steelhomes.com\/#organization\",\"name\":\"Hayat\u0131n Sa\u011flam Hali!\",\"url\":\"https:\/\/north-steelhomes.com\/\",\"logo\":{\"@type\":\"ImageObject\",\"inLanguage\":\"en-GB\",\"@id\":\"https:\/\/north-steelhomes.com\/#\/schema\/logo\/image\/\",\"url\":\"https:\/\/north-steelhomes.com\/wp-content\/uploads\/2022\/12\/cropped-North-Steel-Web-Logo.png\",\"contentUrl\":\"https:\/\/north-steelhomes.com\/wp-content\/uploads\/2022\/12\/cropped-North-Steel-Web-Logo.png\",\"width\":200,\"height\":90,\"caption\":\"Hayat\u0131n Sa\u011flam Hali!\"},\"image\":{\"@id\":\"https:\/\/north-steelhomes.com\/#\/schema\/logo\/image\/\"}}]}<\/script>\n<!-- \/ Yoast SEO plugin. -->","yoast_head_json":{"title":"Ender Aydo\u011fdu - Hayat\u0131n Sa\u011flam Hali!","robots":{"index":"index","follow":"follow","max-snippet":"max-snippet:-1","max-image-preview":"max-image-preview:large","max-video-preview":"max-video-preview:-1"},"canonical":"https:\/\/north-steelhomes.com\/en\/leadership\/manuel-mitchell\/","og_locale":"en_GB","og_type":"article","og_title":"Ender Aydo\u011fdu - Hayat\u0131n Sa\u011flam Hali!","og_description":"Proje M\u00fcd\u00fcr\u00fc, Mimar","og_url":"https:\/\/north-steelhomes.com\/en\/leadership\/manuel-mitchell\/","og_site_name":"Hayat\u0131n Sa\u011flam Hali!","article_modified_time":"2024-02-11T20:14:55+00:00","og_image":[{"width":800,"height":1000,"url":"https:\/\/north-steelhomes.com\/wp-content\/uploads\/2022\/12\/Ender_Aydogdu.png","type":"image\/png"}],"twitter_card":"summary_large_image","twitter_misc":{"Estimated reading time":"1 minute"},"schema":{"@context":"https:\/\/schema.org","@graph":[{"@type":"WebPage","@id":"https:\/\/north-steelhomes.com\/leadership\/manuel-mitchell\/","url":"https:\/\/north-steelhomes.com\/leadership\/manuel-mitchell\/","name":"Ender Aydo\u011fdu - Hayat\u0131n Sa\u011flam Hali!","isPartOf":{"@id":"https:\/\/north-steelhomes.com\/#website"},"datePublished":"2001-11-22T14:04:35+00:00","dateModified":"2024-02-11T20:14:55+00:00","breadcrumb":{"@id":"https:\/\/north-steelhomes.com\/leadership\/manuel-mitchell\/#breadcrumb"},"inLanguage":"en-GB","potentialAction":[{"@type":"ReadAction","target":["https:\/\/north-steelhomes.com\/leadership\/manuel-mitchell\/"]}]},{"@type":"BreadcrumbList","@id":"https:\/\/north-steelhomes.com\/leadership\/manuel-mitchell\/#breadcrumb","itemListElement":[{"@type":"ListItem","position":1,"name":"Home","item":"https:\/\/north-steelhomes.com\/"},{"@type":"ListItem","position":2,"name":"Sekt\u00f6rel Liderlik","item":"https:\/\/north-steelhomes.com\/leadership\/"},{"@type":"ListItem","position":3,"name":"Ender Aydo\u011fdu"}]},{"@type":"WebSite","@id":"https:\/\/north-steelhomes.com\/#website","url":"https:\/\/north-steelhomes.com\/","name":"Hayat\u0131n Sa\u011flam Hali!","description":"","publisher":{"@id":"https:\/\/north-steelhomes.com\/#organization"},"potentialAction":[{"@type":"SearchAction","target":{"@type":"EntryPoint","urlTemplate":"https:\/\/north-steelhomes.com\/?s={search_term_string}"},"query-input":"required name=search_term_string"}],"inLanguage":"en-GB"},{"@type":"Organization","@id":"https:\/\/north-steelhomes.com\/#organization","name":"Hayat\u0131n Sa\u011flam Hali!","url":"https:\/\/north-steelhomes.com\/","logo":{"@type":"ImageObject","inLanguage":"en-GB","@id":"https:\/\/north-steelhomes.com\/#\/schema\/logo\/image\/","url":"https:\/\/north-steelhomes.com\/wp-content\/uploads\/2022\/12\/cropped-North-Steel-Web-Logo.png","contentUrl":"https:\/\/north-steelhomes.com\/wp-content\/uploads\/2022\/12\/cropped-North-Steel-Web-Logo.png","width":200,"height":90,"caption":"Hayat\u0131n Sa\u011flam Hali!"},"image":{"@id":"https:\/\/north-steelhomes.com\/#\/schema\/logo\/image\/"}}]}},"_links":{"self":[{"href":"https:\/\/north-steelhomes.com\/en\/wp-json\/wp\/v2\/pages\/10840"}],"collection":[{"href":"https:\/\/north-steelhomes.com\/en\/wp-json\/wp\/v2\/pages"}],"about":[{"href":"https:\/\/north-steelhomes.com\/en\/wp-json\/wp\/v2\/types\/page"}],"author":[{"embeddable":true,"href":"https:\/\/north-steelhomes.com\/en\/wp-json\/wp\/v2\/users\/2"}],"replies":[{"embeddable":true,"href":"https:\/\/north-steelhomes.com\/en\/wp-json\/wp\/v2\/comments?post=10840"}],"version-history":[{"count":15,"href":"https:\/\/north-steelhomes.com\/en\/wp-json\/wp\/v2\/pages\/10840\/revisions"}],"predecessor-version":[{"id":988838,"href":"https:\/\/north-steelhomes.com\/en\/wp-json\/wp\/v2\/pages\/10840\/revisions\/988838"}],"up":[{"embeddable":true,"href":"https:\/\/north-steelhomes.com\/en\/wp-json\/wp\/v2\/pages\/2220"}],"wp:featuredmedia":[{"embeddable":true,"href":"https:\/\/north-steelhomes.com\/en\/wp-json\/wp\/v2\/media\/987941"}],"wp:attachment":[{"href":"https:\/\/north-steelhomes.com\/en\/wp-json\/wp\/v2\/media?parent=10840"}],"curies":[{"name":"wp","href":"https:\/\/api.w.org\/{rel}","templated":true}]}}