{"id":10842,"date":"2002-11-22T14:03:50","date_gmt":"2002-11-22T14:03:50","guid":{"rendered":"https:\/\/konstruktion.vamtam.com\/?page_id=10842"},"modified":"2024-02-11T20:15:06","modified_gmt":"2024-02-11T20:15:06","slug":"jack-morton","status":"publish","type":"page","link":"https:\/\/north-steelhomes.com\/en\/leadership\/jack-morton\/","title":{"rendered":"Yusuf Said \u00d6ZKAN"},"content":{"rendered":"<div data-elementor-type=\"wp-page\" data-elementor-id=\"10842\" class=\"elementor elementor-10842\">\n\t\t\t\t\t\t\t\t\t<section class=\"elementor-section elementor-top-section elementor-element elementor-element-598c0b08 elementor-section-boxed elementor-section-height-default elementor-section-height-default\" data-id=\"598c0b08\" data-element_type=\"section\">\n\t\t\t\t\t\t<div class=\"elementor-container elementor-column-gap-no\">\n\t\t\t\t\t<div class=\"elementor-column elementor-col-33 elementor-top-column elementor-element elementor-element-25a68482\" data-id=\"25a68482\" data-element_type=\"column\">\n\t\t\t<div class=\"elementor-widget-wrap elementor-element-populated\">\n\t\t\t\t\t\t\t\t<div class=\"elementor-element elementor-element-171b947 elementor-widget elementor-widget-image\" data-id=\"171b947\" data-element_type=\"widget\" data-widget_type=\"image.default\">\n\t\t\t\t<div class=\"elementor-widget-container\">\n\t\t\t\t\t\t\t\t\t\t\t\t\t\t\t<img loading=\"lazy\" decoding=\"async\" width=\"800\" height=\"1000\" src=\"https:\/\/north-steelhomes.com\/wp-content\/uploads\/2023\/02\/3.png\" class=\"attachment-full size-full wp-image-988733\" alt=\"\" srcset=\"https:\/\/north-steelhomes.com\/wp-content\/uploads\/2023\/02\/3.png 800w, https:\/\/north-steelhomes.com\/wp-content\/uploads\/2023\/02\/3-240x300.png 240w, https:\/\/north-steelhomes.com\/wp-content\/uploads\/2023\/02\/3-768x960.png 768w\" sizes=\"(max-width: 800px) 100vw, 800px\" \/>\t\t\t\t\t\t\t\t\t\t\t\t\t\t\t<\/div>\n\t\t\t\t<\/div>\n\t\t\t\t\t<\/div>\n\t\t<\/div>\n\t\t\t\t<div class=\"elementor-column elementor-col-66 elementor-top-column elementor-element elementor-element-53f3ec38\" data-id=\"53f3ec38\" data-element_type=\"column\">\n\t\t\t<div class=\"elementor-widget-wrap elementor-element-populated\">\n\t\t\t\t\t\t\t\t<div class=\"vamtam-has-theme-widget-styles elementor-element elementor-element-2ba49b1a vamtam-has-underline-anim elementor-widget elementor-widget-button\" data-id=\"2ba49b1a\" data-element_type=\"widget\" data-widget_type=\"button.default\">\n\t\t\t\t<div class=\"elementor-widget-container\">\n\t\t\t\t\t<div class=\"elementor-button-wrapper\">\n\t\t\t<a href=\"https:\/\/north-steelhomes.com\/en\/leadership\/\" class=\"elementor-button-link elementor-button elementor-size-sm\" role=\"button\">\n\t\t\t\t\t\t<span class=\"elementor-button-content-wrapper\">\n\t\t\t\t\t\t\t<span class=\"elementor-button-icon elementor-align-icon-left\">\n\t\t\t\t<i aria-hidden=\"true\" class=\"vamtamtheme- vamtam-theme-arrow-left\"><\/i>\t\t\t<\/span>\n\t\t\t\t\t\t<span class=\"elementor-button-text\">T\u00fcm \u00c7al\u0131\u015fanlar\u0131m\u0131z<\/span>\n\t\t<\/span>\n\t\t\t\t\t<\/a>\n\t\t<\/div>\n\t\t\t\t<\/div>\n\t\t\t\t<\/div>\n\t\t\t\t<div class=\"elementor-element elementor-element-2ac7abf elementor-widget elementor-widget-heading\" data-id=\"2ac7abf\" data-element_type=\"widget\" data-widget_type=\"heading.default\">\n\t\t\t\t<div class=\"elementor-widget-container\">\n\t\t\t<h4 class=\"elementor-heading-title elementor-size-default\">Architect<\/h4>\t\t<\/div>\n\t\t\t\t<\/div>\n\t\t\t\t<div class=\"vamtam-has-theme-widget-styles elementor-element elementor-element-6a02ae8 vamtam-has-underline-anim elementor-widget elementor-widget-button\" data-id=\"6a02ae8\" data-element_type=\"widget\" data-widget_type=\"button.default\">\n\t\t\t\t<div class=\"elementor-widget-container\">\n\t\t\t\t\t<div class=\"elementor-button-wrapper\">\n\t\t\t<a href=\"#\" target=\"_blank\" class=\"elementor-button-link elementor-button elementor-size-sm\" role=\"button\">\n\t\t\t\t\t\t<span class=\"elementor-button-content-wrapper\">\n\t\t\t\t\t\t<span class=\"elementor-button-text\">LInkedin PROF\u0130L\u0130<\/span>\n\t\t<\/span>\n\t\t\t\t\t<\/a>\n\t\t<\/div>\n\t\t\t\t<\/div>\n\t\t\t\t<\/div>\n\t\t\t\t\t<\/div>\n\t\t<\/div>\n\t\t\t\t\t\t\t<\/div>\n\t\t<\/section>\n\t\t\t\t<section class=\"elementor-section elementor-top-section elementor-element elementor-element-d89ffd2 elementor-section-boxed elementor-section-height-default elementor-section-height-default\" data-id=\"d89ffd2\" data-element_type=\"section\" data-settings=\"{&quot;background_background&quot;:&quot;classic&quot;}\">\n\t\t\t\t\t\t<div class=\"elementor-container elementor-column-gap-no\">\n\t\t\t\t\t<div class=\"elementor-column elementor-col-33 elementor-top-column elementor-element elementor-element-69c4d1e3\" data-id=\"69c4d1e3\" data-element_type=\"column\">\n\t\t\t<div class=\"elementor-widget-wrap elementor-element-populated\">\n\t\t\t\t\t\t\t\t<div class=\"elementor-element elementor-element-28460828 elementor-widget elementor-widget-heading\" data-id=\"28460828\" data-element_type=\"widget\" data-widget_type=\"heading.default\">\n\t\t\t\t<div class=\"elementor-widget-container\">\n\t\t\t<span class=\"elementor-heading-title elementor-size-default\">Sekt\u00f6rel Bilgi Birikimi:<\/span>\t\t<\/div>\n\t\t\t\t<\/div>\n\t\t\t\t<div class=\"elementor-element elementor-element-5793ebe7 elementor-widget elementor-widget-heading\" data-id=\"5793ebe7\" data-element_type=\"widget\" data-widget_type=\"heading.default\">\n\t\t\t\t<div class=\"elementor-widget-container\">\n\t\t\t<h4 class=\"elementor-heading-title elementor-size-default\">15 Y\u0131l<\/h4>\t\t<\/div>\n\t\t\t\t<\/div>\n\t\t\t\t<div class=\"elementor-element elementor-element-2da247de elementor-widget-divider--view-line elementor-widget elementor-widget-divider\" data-id=\"2da247de\" data-element_type=\"widget\" data-widget_type=\"divider.default\">\n\t\t\t\t<div class=\"elementor-widget-container\">\n\t\t\t\t\t<div class=\"elementor-divider\">\n\t\t\t<span class=\"elementor-divider-separator\">\n\t\t\t\t\t\t<\/span>\n\t\t<\/div>\n\t\t\t\t<\/div>\n\t\t\t\t<\/div>\n\t\t\t\t<div class=\"elementor-element elementor-element-500d629f elementor-widget elementor-widget-heading\" data-id=\"500d629f\" data-element_type=\"widget\" data-widget_type=\"heading.default\">\n\t\t\t\t<div class=\"elementor-widget-container\">\n\t\t\t<span class=\"elementor-heading-title elementor-size-default\">Sekt\u00f6rde Bulundu\u011fu Y\u0131l:<\/span>\t\t<\/div>\n\t\t\t\t<\/div>\n\t\t\t\t<div class=\"elementor-element elementor-element-6019aa8d elementor-widget elementor-widget-heading\" data-id=\"6019aa8d\" data-element_type=\"widget\" data-widget_type=\"heading.default\">\n\t\t\t\t<div class=\"elementor-widget-container\">\n\t\t\t<h4 class=\"elementor-heading-title elementor-size-default\">15 Y\u0131l<\/h4>\t\t<\/div>\n\t\t\t\t<\/div>\n\t\t\t\t<div class=\"elementor-element elementor-element-6fcaad58 elementor-widget-divider--view-line elementor-widget elementor-widget-divider\" data-id=\"6fcaad58\" data-element_type=\"widget\" data-widget_type=\"divider.default\">\n\t\t\t\t<div class=\"elementor-widget-container\">\n\t\t\t\t\t<div class=\"elementor-divider\">\n\t\t\t<span class=\"elementor-divider-separator\">\n\t\t\t\t\t\t<\/span>\n\t\t<\/div>\n\t\t\t\t<\/div>\n\t\t\t\t<\/div>\n\t\t\t\t<div class=\"elementor-element elementor-element-10a8c200 elementor-widget elementor-widget-heading\" data-id=\"10a8c200\" data-element_type=\"widget\" data-widget_type=\"heading.default\">\n\t\t\t\t<div class=\"elementor-widget-container\">\n\t\t\t<span class=\"elementor-heading-title elementor-size-default\">\u00d6nemli Geli\u015fmeler:<\/span>\t\t<\/div>\n\t\t\t\t<\/div>\n\t\t\t\t<div class=\"elementor-element elementor-element-267f5350 elementor-widget elementor-widget-heading\" data-id=\"267f5350\" data-element_type=\"widget\" data-widget_type=\"heading.default\">\n\t\t\t\t<div class=\"elementor-widget-container\">\n\t\t\t<h4 class=\"elementor-heading-title elementor-size-default\">2022<\/h4>\t\t<\/div>\n\t\t\t\t<\/div>\n\t\t\t\t<div class=\"elementor-element elementor-element-58b5c6d2 elementor-widget elementor-widget-text-editor\" data-id=\"58b5c6d2\" data-element_type=\"widget\" data-widget_type=\"text-editor.default\">\n\t\t\t\t<div class=\"elementor-widget-container\">\n\t\t\t\t\t\t\tBoston Magazine\u2019s \u201c100 Most Influential People in Boston\u201d\t\t\t\t\t\t<\/div>\n\t\t\t\t<\/div>\n\t\t\t\t<div class=\"elementor-element elementor-element-66f29a04 elementor-widget elementor-widget-spacer\" data-id=\"66f29a04\" data-element_type=\"widget\" data-widget_type=\"spacer.default\">\n\t\t\t\t<div class=\"elementor-widget-container\">\n\t\t\t\t\t<div class=\"elementor-spacer\">\n\t\t\t<div class=\"elementor-spacer-inner\"><\/div>\n\t\t<\/div>\n\t\t\t\t<\/div>\n\t\t\t\t<\/div>\n\t\t\t\t<div class=\"elementor-element elementor-element-1004f7ab elementor-widget elementor-widget-heading\" data-id=\"1004f7ab\" data-element_type=\"widget\" data-widget_type=\"heading.default\">\n\t\t\t\t<div class=\"elementor-widget-container\">\n\t\t\t<h4 class=\"elementor-heading-title elementor-size-default\">2021<\/h4>\t\t<\/div>\n\t\t\t\t<\/div>\n\t\t\t\t<div class=\"elementor-element elementor-element-46a4430e elementor-widget elementor-widget-text-editor\" data-id=\"46a4430e\" data-element_type=\"widget\" data-widget_type=\"text-editor.default\">\n\t\t\t\t<div class=\"elementor-widget-container\">\n\t\t\t\t\t\t\tPerson of the Year Award \u2013 USA Construction Association \t\t\t\t\t\t<\/div>\n\t\t\t\t<\/div>\n\t\t\t\t<div class=\"elementor-element elementor-element-3cc388c2 elementor-widget elementor-widget-spacer\" data-id=\"3cc388c2\" data-element_type=\"widget\" data-widget_type=\"spacer.default\">\n\t\t\t\t<div class=\"elementor-widget-container\">\n\t\t\t\t\t<div class=\"elementor-spacer\">\n\t\t\t<div class=\"elementor-spacer-inner\"><\/div>\n\t\t<\/div>\n\t\t\t\t<\/div>\n\t\t\t\t<\/div>\n\t\t\t\t<div class=\"elementor-element elementor-element-6e9ce77e elementor-widget elementor-widget-heading\" data-id=\"6e9ce77e\" data-element_type=\"widget\" data-widget_type=\"heading.default\">\n\t\t\t\t<div class=\"elementor-widget-container\">\n\t\t\t<h4 class=\"elementor-heading-title elementor-size-default\">2020<\/h4>\t\t<\/div>\n\t\t\t\t<\/div>\n\t\t\t\t<div class=\"elementor-element elementor-element-5a990a6d elementor-widget elementor-widget-text-editor\" data-id=\"5a990a6d\" data-element_type=\"widget\" data-widget_type=\"text-editor.default\">\n\t\t\t\t<div class=\"elementor-widget-container\">\n\t\t\t\t\t\t\tHonorary Doctor of Business Administration, Curry College\t\t\t\t\t\t<\/div>\n\t\t\t\t<\/div>\n\t\t\t\t<div class=\"elementor-element elementor-element-24f81745 elementor-widget elementor-widget-spacer\" data-id=\"24f81745\" data-element_type=\"widget\" data-widget_type=\"spacer.default\">\n\t\t\t\t<div class=\"elementor-widget-container\">\n\t\t\t\t\t<div class=\"elementor-spacer\">\n\t\t\t<div class=\"elementor-spacer-inner\"><\/div>\n\t\t<\/div>\n\t\t\t\t<\/div>\n\t\t\t\t<\/div>\n\t\t\t\t<div class=\"elementor-element elementor-element-6feb7fb2 elementor-widget elementor-widget-heading\" data-id=\"6feb7fb2\" data-element_type=\"widget\" data-widget_type=\"heading.default\">\n\t\t\t\t<div class=\"elementor-widget-container\">\n\t\t\t<h4 class=\"elementor-heading-title elementor-size-default\">2018<\/h4>\t\t<\/div>\n\t\t\t\t<\/div>\n\t\t\t\t<div class=\"elementor-element elementor-element-729a7c17 elementor-widget elementor-widget-text-editor\" data-id=\"729a7c17\" data-element_type=\"widget\" data-widget_type=\"text-editor.default\">\n\t\t\t\t<div class=\"elementor-widget-container\">\n\t\t\t\t\t\t\tCommunity Leader Award \u2013 USA Construction Association\t\t\t\t\t\t<\/div>\n\t\t\t\t<\/div>\n\t\t\t\t\t<\/div>\n\t\t<\/div>\n\t\t\t\t<div class=\"elementor-column elementor-col-66 elementor-top-column elementor-element elementor-element-1d2cc654\" data-id=\"1d2cc654\" data-element_type=\"column\">\n\t\t\t<div class=\"elementor-widget-wrap elementor-element-populated\">\n\t\t\t\t\t\t\t\t<div class=\"elementor-element elementor-element-49b7f6c5 elementor-widget elementor-widget-text-editor\" data-id=\"49b7f6c5\" data-element_type=\"widget\" data-widget_type=\"text-editor.default\">\n\t\t\t\t<div class=\"elementor-widget-container\">\n\t\t\t\t\t\t\t<p>Yusuf Said \u00d6ZKAN &#8211; Mimar<\/p><p>\u00a0<\/p><p>\u00a0<\/p>\t\t\t\t\t\t<\/div>\n\t\t\t\t<\/div>\n\t\t\t\t\t<\/div>\n\t\t<\/div>\n\t\t\t\t\t\t\t<\/div>\n\t\t<\/section>\n\t\t\t\t\t\t\t<\/div>","protected":false},"excerpt":{"rendered":"<p><b>Architect<\/b><br \/><\/p>","protected":false},"author":2,"featured_media":988733,"parent":2220,"menu_order":0,"comment_status":"closed","ping_status":"closed","template":"","meta":{"footnotes":"","_joinchat":[]},"yoast_head":"<!-- This site is optimized with the Yoast SEO plugin v19.13 - https:\/\/yoast.com\/wordpress\/plugins\/seo\/ -->\n<title>Yusuf Said \u00d6ZKAN - Hayat\u0131n Sa\u011flam Hali!<\/title>\n<meta name=\"robots\" content=\"index, follow, max-snippet:-1, max-image-preview:large, max-video-preview:-1\" \/>\n<link rel=\"canonical\" href=\"https:\/\/north-steelhomes.com\/en\/leadership\/jack-morton\/\" \/>\n<meta property=\"og:locale\" content=\"en_GB\" \/>\n<meta property=\"og:type\" content=\"article\" \/>\n<meta property=\"og:title\" content=\"Yusuf Said \u00d6ZKAN - Hayat\u0131n Sa\u011flam Hali!\" \/>\n<meta property=\"og:description\" content=\"Mimar\" \/>\n<meta property=\"og:url\" content=\"https:\/\/north-steelhomes.com\/en\/leadership\/jack-morton\/\" \/>\n<meta property=\"og:site_name\" content=\"Hayat\u0131n Sa\u011flam Hali!\" \/>\n<meta property=\"article:modified_time\" content=\"2024-02-11T20:15:06+00:00\" \/>\n<meta property=\"og:image\" content=\"https:\/\/north-steelhomes.com\/wp-content\/uploads\/2023\/02\/3.png\" \/>\n\t<meta property=\"og:image:width\" content=\"800\" \/>\n\t<meta property=\"og:image:height\" content=\"1000\" \/>\n\t<meta property=\"og:image:type\" content=\"image\/png\" \/>\n<meta name=\"twitter:card\" content=\"summary_large_image\" \/>\n<meta name=\"twitter:label1\" content=\"Estimated reading time\" \/>\n\t<meta name=\"twitter:data1\" content=\"1 minute\" \/>\n<script type=\"application\/ld+json\" class=\"yoast-schema-graph\">{\"@context\":\"https:\/\/schema.org\",\"@graph\":[{\"@type\":\"WebPage\",\"@id\":\"https:\/\/north-steelhomes.com\/leadership\/jack-morton\/\",\"url\":\"https:\/\/north-steelhomes.com\/leadership\/jack-morton\/\",\"name\":\"Yusuf Said \u00d6ZKAN - Hayat\u0131n Sa\u011flam Hali!\",\"isPartOf\":{\"@id\":\"https:\/\/north-steelhomes.com\/#website\"},\"datePublished\":\"2002-11-22T14:03:50+00:00\",\"dateModified\":\"2024-02-11T20:15:06+00:00\",\"breadcrumb\":{\"@id\":\"https:\/\/north-steelhomes.com\/leadership\/jack-morton\/#breadcrumb\"},\"inLanguage\":\"en-GB\",\"potentialAction\":[{\"@type\":\"ReadAction\",\"target\":[\"https:\/\/north-steelhomes.com\/leadership\/jack-morton\/\"]}]},{\"@type\":\"BreadcrumbList\",\"@id\":\"https:\/\/north-steelhomes.com\/leadership\/jack-morton\/#breadcrumb\",\"itemListElement\":[{\"@type\":\"ListItem\",\"position\":1,\"name\":\"Home\",\"item\":\"https:\/\/north-steelhomes.com\/\"},{\"@type\":\"ListItem\",\"position\":2,\"name\":\"Sekt\u00f6rel Liderlik\",\"item\":\"https:\/\/north-steelhomes.com\/leadership\/\"},{\"@type\":\"ListItem\",\"position\":3,\"name\":\"Yusuf Said \u00d6ZKAN\"}]},{\"@type\":\"WebSite\",\"@id\":\"https:\/\/north-steelhomes.com\/#website\",\"url\":\"https:\/\/north-steelhomes.com\/\",\"name\":\"Hayat\u0131n Sa\u011flam Hali!\",\"description\":\"\",\"publisher\":{\"@id\":\"https:\/\/north-steelhomes.com\/#organization\"},\"potentialAction\":[{\"@type\":\"SearchAction\",\"target\":{\"@type\":\"EntryPoint\",\"urlTemplate\":\"https:\/\/north-steelhomes.com\/?s={search_term_string}\"},\"query-input\":\"required name=search_term_string\"}],\"inLanguage\":\"en-GB\"},{\"@type\":\"Organization\",\"@id\":\"https:\/\/north-steelhomes.com\/#organization\",\"name\":\"Hayat\u0131n Sa\u011flam Hali!\",\"url\":\"https:\/\/north-steelhomes.com\/\",\"logo\":{\"@type\":\"ImageObject\",\"inLanguage\":\"en-GB\",\"@id\":\"https:\/\/north-steelhomes.com\/#\/schema\/logo\/image\/\",\"url\":\"https:\/\/north-steelhomes.com\/wp-content\/uploads\/2022\/12\/cropped-North-Steel-Web-Logo.png\",\"contentUrl\":\"https:\/\/north-steelhomes.com\/wp-content\/uploads\/2022\/12\/cropped-North-Steel-Web-Logo.png\",\"width\":200,\"height\":90,\"caption\":\"Hayat\u0131n Sa\u011flam Hali!\"},\"image\":{\"@id\":\"https:\/\/north-steelhomes.com\/#\/schema\/logo\/image\/\"}}]}<\/script>\n<!-- \/ Yoast SEO plugin. -->","yoast_head_json":{"title":"Yusuf Said \u00d6ZKAN - Hayat\u0131n Sa\u011flam Hali!","robots":{"index":"index","follow":"follow","max-snippet":"max-snippet:-1","max-image-preview":"max-image-preview:large","max-video-preview":"max-video-preview:-1"},"canonical":"https:\/\/north-steelhomes.com\/en\/leadership\/jack-morton\/","og_locale":"en_GB","og_type":"article","og_title":"Yusuf Said \u00d6ZKAN - Hayat\u0131n Sa\u011flam Hali!","og_description":"Mimar","og_url":"https:\/\/north-steelhomes.com\/en\/leadership\/jack-morton\/","og_site_name":"Hayat\u0131n Sa\u011flam Hali!","article_modified_time":"2024-02-11T20:15:06+00:00","og_image":[{"width":800,"height":1000,"url":"https:\/\/north-steelhomes.com\/wp-content\/uploads\/2023\/02\/3.png","type":"image\/png"}],"twitter_card":"summary_large_image","twitter_misc":{"Estimated reading time":"1 minute"},"schema":{"@context":"https:\/\/schema.org","@graph":[{"@type":"WebPage","@id":"https:\/\/north-steelhomes.com\/leadership\/jack-morton\/","url":"https:\/\/north-steelhomes.com\/leadership\/jack-morton\/","name":"Yusuf Said \u00d6ZKAN - Hayat\u0131n Sa\u011flam Hali!","isPartOf":{"@id":"https:\/\/north-steelhomes.com\/#website"},"datePublished":"2002-11-22T14:03:50+00:00","dateModified":"2024-02-11T20:15:06+00:00","breadcrumb":{"@id":"https:\/\/north-steelhomes.com\/leadership\/jack-morton\/#breadcrumb"},"inLanguage":"en-GB","potentialAction":[{"@type":"ReadAction","target":["https:\/\/north-steelhomes.com\/leadership\/jack-morton\/"]}]},{"@type":"BreadcrumbList","@id":"https:\/\/north-steelhomes.com\/leadership\/jack-morton\/#breadcrumb","itemListElement":[{"@type":"ListItem","position":1,"name":"Home","item":"https:\/\/north-steelhomes.com\/"},{"@type":"ListItem","position":2,"name":"Sekt\u00f6rel Liderlik","item":"https:\/\/north-steelhomes.com\/leadership\/"},{"@type":"ListItem","position":3,"name":"Yusuf Said \u00d6ZKAN"}]},{"@type":"WebSite","@id":"https:\/\/north-steelhomes.com\/#website","url":"https:\/\/north-steelhomes.com\/","name":"Hayat\u0131n Sa\u011flam Hali!","description":"","publisher":{"@id":"https:\/\/north-steelhomes.com\/#organization"},"potentialAction":[{"@type":"SearchAction","target":{"@type":"EntryPoint","urlTemplate":"https:\/\/north-steelhomes.com\/?s={search_term_string}"},"query-input":"required name=search_term_string"}],"inLanguage":"en-GB"},{"@type":"Organization","@id":"https:\/\/north-steelhomes.com\/#organization","name":"Hayat\u0131n Sa\u011flam Hali!","url":"https:\/\/north-steelhomes.com\/","logo":{"@type":"ImageObject","inLanguage":"en-GB","@id":"https:\/\/north-steelhomes.com\/#\/schema\/logo\/image\/","url":"https:\/\/north-steelhomes.com\/wp-content\/uploads\/2022\/12\/cropped-North-Steel-Web-Logo.png","contentUrl":"https:\/\/north-steelhomes.com\/wp-content\/uploads\/2022\/12\/cropped-North-Steel-Web-Logo.png","width":200,"height":90,"caption":"Hayat\u0131n Sa\u011flam Hali!"},"image":{"@id":"https:\/\/north-steelhomes.com\/#\/schema\/logo\/image\/"}}]}},"_links":{"self":[{"href":"https:\/\/north-steelhomes.com\/en\/wp-json\/wp\/v2\/pages\/10842"}],"collection":[{"href":"https:\/\/north-steelhomes.com\/en\/wp-json\/wp\/v2\/pages"}],"about":[{"href":"https:\/\/north-steelhomes.com\/en\/wp-json\/wp\/v2\/types\/page"}],"author":[{"embeddable":true,"href":"https:\/\/north-steelhomes.com\/en\/wp-json\/wp\/v2\/users\/2"}],"replies":[{"embeddable":true,"href":"https:\/\/north-steelhomes.com\/en\/wp-json\/wp\/v2\/comments?post=10842"}],"version-history":[{"count":12,"href":"https:\/\/north-steelhomes.com\/en\/wp-json\/wp\/v2\/pages\/10842\/revisions"}],"predecessor-version":[{"id":988735,"href":"https:\/\/north-steelhomes.com\/en\/wp-json\/wp\/v2\/pages\/10842\/revisions\/988735"}],"up":[{"embeddable":true,"href":"https:\/\/north-steelhomes.com\/en\/wp-json\/wp\/v2\/pages\/2220"}],"wp:featuredmedia":[{"embeddable":true,"href":"https:\/\/north-steelhomes.com\/en\/wp-json\/wp\/v2\/media\/988733"}],"wp:attachment":[{"href":"https:\/\/north-steelhomes.com\/en\/wp-json\/wp\/v2\/media?parent=10842"}],"curies":[{"name":"wp","href":"https:\/\/api.w.org\/{rel}","templated":true}]}}