{"id":11495,"date":"2022-11-20T10:34:41","date_gmt":"2022-11-20T10:34:41","guid":{"rendered":"https:\/\/konstruktion.vamtam.com\/?page_id=11495"},"modified":"2023-03-10T15:56:18","modified_gmt":"2023-03-10T15:56:18","slug":"eric-green","status":"publish","type":"page","link":"https:\/\/north-steelhomes.com\/en\/leadership\/eric-green\/","title":{"rendered":"Zeref B\u0130RSEL"},"content":{"rendered":"<div data-elementor-type=\"wp-page\" data-elementor-id=\"11495\" class=\"elementor elementor-11495\">\n\t\t\t\t\t\t\t\t\t<section class=\"elementor-section elementor-top-section elementor-element elementor-element-2398576d elementor-section-boxed elementor-section-height-default elementor-section-height-default\" data-id=\"2398576d\" data-element_type=\"section\">\n\t\t\t\t\t\t<div class=\"elementor-container elementor-column-gap-no\">\n\t\t\t\t\t<div class=\"elementor-column elementor-col-33 elementor-top-column elementor-element elementor-element-219f4596\" data-id=\"219f4596\" data-element_type=\"column\">\n\t\t\t<div class=\"elementor-widget-wrap elementor-element-populated\">\n\t\t\t\t\t\t\t\t<div class=\"elementor-element elementor-element-aa5d4d4 elementor-widget elementor-widget-image\" data-id=\"aa5d4d4\" data-element_type=\"widget\" data-widget_type=\"image.default\">\n\t\t\t\t<div class=\"elementor-widget-container\">\n\t\t\t\t\t\t\t\t\t\t\t\t\t\t\t<img loading=\"lazy\" decoding=\"async\" width=\"800\" height=\"1000\" src=\"https:\/\/north-steelhomes.com\/wp-content\/uploads\/2023\/02\/5.png\" class=\"attachment-full size-full wp-image-988739\" alt=\"\" srcset=\"https:\/\/north-steelhomes.com\/wp-content\/uploads\/2023\/02\/5.png 800w, https:\/\/north-steelhomes.com\/wp-content\/uploads\/2023\/02\/5-240x300.png 240w, https:\/\/north-steelhomes.com\/wp-content\/uploads\/2023\/02\/5-768x960.png 768w\" sizes=\"(max-width: 800px) 100vw, 800px\" \/>\t\t\t\t\t\t\t\t\t\t\t\t\t\t\t<\/div>\n\t\t\t\t<\/div>\n\t\t\t\t\t<\/div>\n\t\t<\/div>\n\t\t\t\t<div class=\"elementor-column elementor-col-66 elementor-top-column elementor-element elementor-element-616f71aa\" data-id=\"616f71aa\" data-element_type=\"column\">\n\t\t\t<div class=\"elementor-widget-wrap elementor-element-populated\">\n\t\t\t\t\t\t\t\t<div class=\"vamtam-has-theme-widget-styles elementor-element elementor-element-2f5733d9 vamtam-has-underline-anim elementor-widget elementor-widget-button\" data-id=\"2f5733d9\" data-element_type=\"widget\" data-widget_type=\"button.default\">\n\t\t\t\t<div class=\"elementor-widget-container\">\n\t\t\t\t\t<div class=\"elementor-button-wrapper\">\n\t\t\t<a href=\"https:\/\/north-steelhomes.com\/en\/leadership\/\" class=\"elementor-button-link elementor-button elementor-size-sm\" role=\"button\">\n\t\t\t\t\t\t<span class=\"elementor-button-content-wrapper\">\n\t\t\t\t\t\t\t<span class=\"elementor-button-icon elementor-align-icon-left\">\n\t\t\t\t<i aria-hidden=\"true\" class=\"vamtamtheme- vamtam-theme-arrow-left\"><\/i>\t\t\t<\/span>\n\t\t\t\t\t\t<span class=\"elementor-button-text\">T\u00fcm \u00c7al\u0131\u015fanlar\u0131m\u0131z<\/span>\n\t\t<\/span>\n\t\t\t\t\t<\/a>\n\t\t<\/div>\n\t\t\t\t<\/div>\n\t\t\t\t<\/div>\n\t\t\t\t<div class=\"elementor-element elementor-element-5ce27873 elementor-widget elementor-widget-heading\" data-id=\"5ce27873\" data-element_type=\"widget\" data-widget_type=\"heading.default\">\n\t\t\t\t<div class=\"elementor-widget-container\">\n\t\t\t<h4 class=\"elementor-heading-title elementor-size-default\">Master Architect<\/h4>\t\t<\/div>\n\t\t\t\t<\/div>\n\t\t\t\t<div class=\"vamtam-has-theme-widget-styles elementor-element elementor-element-58fcc064 vamtam-has-underline-anim elementor-widget elementor-widget-button\" data-id=\"58fcc064\" data-element_type=\"widget\" data-widget_type=\"button.default\">\n\t\t\t\t<div class=\"elementor-widget-container\">\n\t\t\t\t\t<div class=\"elementor-button-wrapper\">\n\t\t\t<a href=\"#\" target=\"_blank\" class=\"elementor-button-link elementor-button elementor-size-sm\" role=\"button\">\n\t\t\t\t\t\t<span class=\"elementor-button-content-wrapper\">\n\t\t\t\t\t\t<span class=\"elementor-button-text\">LInkedin Prof\u0130L\u0130<\/span>\n\t\t<\/span>\n\t\t\t\t\t<\/a>\n\t\t<\/div>\n\t\t\t\t<\/div>\n\t\t\t\t<\/div>\n\t\t\t\t\t<\/div>\n\t\t<\/div>\n\t\t\t\t\t\t\t<\/div>\n\t\t<\/section>\n\t\t\t\t<section class=\"elementor-section elementor-top-section elementor-element elementor-element-44c2bb53 elementor-section-boxed elementor-section-height-default elementor-section-height-default\" data-id=\"44c2bb53\" data-element_type=\"section\" data-settings=\"{&quot;background_background&quot;:&quot;classic&quot;}\">\n\t\t\t\t\t\t<div class=\"elementor-container elementor-column-gap-no\">\n\t\t\t\t\t<div class=\"elementor-column elementor-col-33 elementor-top-column elementor-element elementor-element-60b3ec06\" data-id=\"60b3ec06\" data-element_type=\"column\">\n\t\t\t<div class=\"elementor-widget-wrap elementor-element-populated\">\n\t\t\t\t\t\t\t\t<div class=\"elementor-element elementor-element-5f591c5c elementor-widget elementor-widget-heading\" data-id=\"5f591c5c\" data-element_type=\"widget\" data-widget_type=\"heading.default\">\n\t\t\t\t<div class=\"elementor-widget-container\">\n\t\t\t<span class=\"elementor-heading-title elementor-size-default\">Sekt\u00f6rel Bilgi Birikimi:<\/span>\t\t<\/div>\n\t\t\t\t<\/div>\n\t\t\t\t<div class=\"elementor-element elementor-element-3b3a32ba elementor-widget elementor-widget-heading\" data-id=\"3b3a32ba\" data-element_type=\"widget\" data-widget_type=\"heading.default\">\n\t\t\t\t<div class=\"elementor-widget-container\">\n\t\t\t<h4 class=\"elementor-heading-title elementor-size-default\">15 Y\u0131l<\/h4>\t\t<\/div>\n\t\t\t\t<\/div>\n\t\t\t\t<div class=\"elementor-element elementor-element-2675b22 elementor-widget-divider--view-line elementor-widget elementor-widget-divider\" data-id=\"2675b22\" data-element_type=\"widget\" data-widget_type=\"divider.default\">\n\t\t\t\t<div class=\"elementor-widget-container\">\n\t\t\t\t\t<div class=\"elementor-divider\">\n\t\t\t<span class=\"elementor-divider-separator\">\n\t\t\t\t\t\t<\/span>\n\t\t<\/div>\n\t\t\t\t<\/div>\n\t\t\t\t<\/div>\n\t\t\t\t<div class=\"elementor-element elementor-element-1dc52a95 elementor-widget elementor-widget-heading\" data-id=\"1dc52a95\" data-element_type=\"widget\" data-widget_type=\"heading.default\">\n\t\t\t\t<div class=\"elementor-widget-container\">\n\t\t\t<span class=\"elementor-heading-title elementor-size-default\">Sekt\u00f6rde Bulundu\u011fu Y\u0131l:<\/span>\t\t<\/div>\n\t\t\t\t<\/div>\n\t\t\t\t<div class=\"elementor-element elementor-element-7cf3b9ff elementor-widget elementor-widget-heading\" data-id=\"7cf3b9ff\" data-element_type=\"widget\" data-widget_type=\"heading.default\">\n\t\t\t\t<div class=\"elementor-widget-container\">\n\t\t\t<h4 class=\"elementor-heading-title elementor-size-default\">15 Y\u0131l<\/h4>\t\t<\/div>\n\t\t\t\t<\/div>\n\t\t\t\t<div class=\"elementor-element elementor-element-3cf73e3e elementor-widget-divider--view-line elementor-widget elementor-widget-divider\" data-id=\"3cf73e3e\" data-element_type=\"widget\" data-widget_type=\"divider.default\">\n\t\t\t\t<div class=\"elementor-widget-container\">\n\t\t\t\t\t<div class=\"elementor-divider\">\n\t\t\t<span class=\"elementor-divider-separator\">\n\t\t\t\t\t\t<\/span>\n\t\t<\/div>\n\t\t\t\t<\/div>\n\t\t\t\t<\/div>\n\t\t\t\t<div class=\"elementor-element elementor-element-3eb4a52b elementor-widget elementor-widget-heading\" data-id=\"3eb4a52b\" data-element_type=\"widget\" data-widget_type=\"heading.default\">\n\t\t\t\t<div class=\"elementor-widget-container\">\n\t\t\t<span class=\"elementor-heading-title elementor-size-default\">\u00d6nemli Geli\u015fmeler:<\/span>\t\t<\/div>\n\t\t\t\t<\/div>\n\t\t\t\t<div class=\"elementor-element elementor-element-29be00a6 elementor-widget elementor-widget-heading\" data-id=\"29be00a6\" data-element_type=\"widget\" data-widget_type=\"heading.default\">\n\t\t\t\t<div class=\"elementor-widget-container\">\n\t\t\t<h4 class=\"elementor-heading-title elementor-size-default\">2022<\/h4>\t\t<\/div>\n\t\t\t\t<\/div>\n\t\t\t\t<div class=\"elementor-element elementor-element-4fe392e2 elementor-widget elementor-widget-text-editor\" data-id=\"4fe392e2\" data-element_type=\"widget\" data-widget_type=\"text-editor.default\">\n\t\t\t\t<div class=\"elementor-widget-container\">\n\t\t\t\t\t\t\tBoston Magazine\u2019s \u201c100 Most Influential People in Boston\u201d\t\t\t\t\t\t<\/div>\n\t\t\t\t<\/div>\n\t\t\t\t<div class=\"elementor-element elementor-element-242fecb0 elementor-widget elementor-widget-spacer\" data-id=\"242fecb0\" data-element_type=\"widget\" data-widget_type=\"spacer.default\">\n\t\t\t\t<div class=\"elementor-widget-container\">\n\t\t\t\t\t<div class=\"elementor-spacer\">\n\t\t\t<div class=\"elementor-spacer-inner\"><\/div>\n\t\t<\/div>\n\t\t\t\t<\/div>\n\t\t\t\t<\/div>\n\t\t\t\t<div class=\"elementor-element elementor-element-4b699386 elementor-widget elementor-widget-heading\" data-id=\"4b699386\" data-element_type=\"widget\" data-widget_type=\"heading.default\">\n\t\t\t\t<div class=\"elementor-widget-container\">\n\t\t\t<h4 class=\"elementor-heading-title elementor-size-default\">2021<\/h4>\t\t<\/div>\n\t\t\t\t<\/div>\n\t\t\t\t<div class=\"elementor-element elementor-element-4ad7dc58 elementor-widget elementor-widget-text-editor\" data-id=\"4ad7dc58\" data-element_type=\"widget\" data-widget_type=\"text-editor.default\">\n\t\t\t\t<div class=\"elementor-widget-container\">\n\t\t\t\t\t\t\tPerson of the Year Award \u2013 USA Construction Association \t\t\t\t\t\t<\/div>\n\t\t\t\t<\/div>\n\t\t\t\t<div class=\"elementor-element elementor-element-6148ede1 elementor-widget elementor-widget-spacer\" data-id=\"6148ede1\" data-element_type=\"widget\" data-widget_type=\"spacer.default\">\n\t\t\t\t<div class=\"elementor-widget-container\">\n\t\t\t\t\t<div class=\"elementor-spacer\">\n\t\t\t<div class=\"elementor-spacer-inner\"><\/div>\n\t\t<\/div>\n\t\t\t\t<\/div>\n\t\t\t\t<\/div>\n\t\t\t\t<div class=\"elementor-element elementor-element-79e6359c elementor-widget elementor-widget-heading\" data-id=\"79e6359c\" data-element_type=\"widget\" data-widget_type=\"heading.default\">\n\t\t\t\t<div class=\"elementor-widget-container\">\n\t\t\t<h4 class=\"elementor-heading-title elementor-size-default\">2020<\/h4>\t\t<\/div>\n\t\t\t\t<\/div>\n\t\t\t\t<div class=\"elementor-element elementor-element-1cce3fca elementor-widget elementor-widget-text-editor\" data-id=\"1cce3fca\" data-element_type=\"widget\" data-widget_type=\"text-editor.default\">\n\t\t\t\t<div class=\"elementor-widget-container\">\n\t\t\t\t\t\t\tHonorary Doctor of Business Administration, Curry College\t\t\t\t\t\t<\/div>\n\t\t\t\t<\/div>\n\t\t\t\t<div class=\"elementor-element elementor-element-39291f2c elementor-widget elementor-widget-spacer\" data-id=\"39291f2c\" data-element_type=\"widget\" data-widget_type=\"spacer.default\">\n\t\t\t\t<div class=\"elementor-widget-container\">\n\t\t\t\t\t<div class=\"elementor-spacer\">\n\t\t\t<div class=\"elementor-spacer-inner\"><\/div>\n\t\t<\/div>\n\t\t\t\t<\/div>\n\t\t\t\t<\/div>\n\t\t\t\t<div class=\"elementor-element elementor-element-2a638cbc elementor-widget elementor-widget-heading\" data-id=\"2a638cbc\" data-element_type=\"widget\" data-widget_type=\"heading.default\">\n\t\t\t\t<div class=\"elementor-widget-container\">\n\t\t\t<h4 class=\"elementor-heading-title elementor-size-default\">2018<\/h4>\t\t<\/div>\n\t\t\t\t<\/div>\n\t\t\t\t<div class=\"elementor-element elementor-element-5d6ae196 elementor-widget elementor-widget-text-editor\" data-id=\"5d6ae196\" data-element_type=\"widget\" data-widget_type=\"text-editor.default\">\n\t\t\t\t<div class=\"elementor-widget-container\">\n\t\t\t\t\t\t\tCommunity Leader Award \u2013 USA Construction Association\t\t\t\t\t\t<\/div>\n\t\t\t\t<\/div>\n\t\t\t\t\t<\/div>\n\t\t<\/div>\n\t\t\t\t<div class=\"elementor-column elementor-col-66 elementor-top-column elementor-element elementor-element-7c19e6fa\" data-id=\"7c19e6fa\" data-element_type=\"column\">\n\t\t\t<div class=\"elementor-widget-wrap elementor-element-populated\">\n\t\t\t\t\t\t\t\t<div class=\"elementor-element elementor-element-72865a3d elementor-widget elementor-widget-text-editor\" data-id=\"72865a3d\" data-element_type=\"widget\" data-widget_type=\"text-editor.default\">\n\t\t\t\t<div class=\"elementor-widget-container\">\n\t\t\t\t\t\t\t<p>Zeref Birsel &#8211; Y\u00fcksek Mimar<\/p>\t\t\t\t\t\t<\/div>\n\t\t\t\t<\/div>\n\t\t\t\t\t<\/div>\n\t\t<\/div>\n\t\t\t\t\t\t\t<\/div>\n\t\t<\/section>\n\t\t\t\t\t\t\t<\/div>","protected":false},"excerpt":{"rendered":"<p><b>Master Architect<\/b><br \/><\/p>","protected":false},"author":2,"featured_media":988739,"parent":2220,"menu_order":0,"comment_status":"closed","ping_status":"closed","template":"","meta":{"footnotes":"","_joinchat":[]},"yoast_head":"<!-- This site is optimized with the Yoast SEO plugin v19.13 - https:\/\/yoast.com\/wordpress\/plugins\/seo\/ -->\n<title>Zeref B\u0130RSEL - Hayat\u0131n Sa\u011flam Hali!<\/title>\n<meta name=\"robots\" content=\"index, follow, max-snippet:-1, max-image-preview:large, max-video-preview:-1\" \/>\n<link rel=\"canonical\" href=\"https:\/\/north-steelhomes.com\/en\/leadership\/eric-green\/\" \/>\n<meta property=\"og:locale\" content=\"en_GB\" \/>\n<meta property=\"og:type\" content=\"article\" \/>\n<meta property=\"og:title\" content=\"Zeref B\u0130RSEL - Hayat\u0131n Sa\u011flam Hali!\" \/>\n<meta property=\"og:description\" content=\"Y\u00fcksek Mimar\" \/>\n<meta property=\"og:url\" content=\"https:\/\/north-steelhomes.com\/en\/leadership\/eric-green\/\" \/>\n<meta property=\"og:site_name\" content=\"Hayat\u0131n Sa\u011flam Hali!\" \/>\n<meta property=\"article:modified_time\" content=\"2023-03-10T15:56:18+00:00\" \/>\n<meta property=\"og:image\" content=\"https:\/\/north-steelhomes.com\/wp-content\/uploads\/2023\/02\/5.png\" \/>\n\t<meta property=\"og:image:width\" content=\"800\" \/>\n\t<meta property=\"og:image:height\" content=\"1000\" \/>\n\t<meta property=\"og:image:type\" content=\"image\/png\" \/>\n<meta name=\"twitter:card\" content=\"summary_large_image\" \/>\n<meta name=\"twitter:label1\" content=\"Estimated reading time\" \/>\n\t<meta name=\"twitter:data1\" content=\"1 minute\" \/>\n<script type=\"application\/ld+json\" class=\"yoast-schema-graph\">{\"@context\":\"https:\/\/schema.org\",\"@graph\":[{\"@type\":\"WebPage\",\"@id\":\"https:\/\/north-steelhomes.com\/leadership\/eric-green\/\",\"url\":\"https:\/\/north-steelhomes.com\/leadership\/eric-green\/\",\"name\":\"Zeref B\u0130RSEL - Hayat\u0131n Sa\u011flam Hali!\",\"isPartOf\":{\"@id\":\"https:\/\/north-steelhomes.com\/#website\"},\"datePublished\":\"2022-11-20T10:34:41+00:00\",\"dateModified\":\"2023-03-10T15:56:18+00:00\",\"breadcrumb\":{\"@id\":\"https:\/\/north-steelhomes.com\/leadership\/eric-green\/#breadcrumb\"},\"inLanguage\":\"en-GB\",\"potentialAction\":[{\"@type\":\"ReadAction\",\"target\":[\"https:\/\/north-steelhomes.com\/leadership\/eric-green\/\"]}]},{\"@type\":\"BreadcrumbList\",\"@id\":\"https:\/\/north-steelhomes.com\/leadership\/eric-green\/#breadcrumb\",\"itemListElement\":[{\"@type\":\"ListItem\",\"position\":1,\"name\":\"Home\",\"item\":\"https:\/\/north-steelhomes.com\/\"},{\"@type\":\"ListItem\",\"position\":2,\"name\":\"Sekt\u00f6rel Liderlik\",\"item\":\"https:\/\/north-steelhomes.com\/leadership\/\"},{\"@type\":\"ListItem\",\"position\":3,\"name\":\"Zeref B\u0130RSEL\"}]},{\"@type\":\"WebSite\",\"@id\":\"https:\/\/north-steelhomes.com\/#website\",\"url\":\"https:\/\/north-steelhomes.com\/\",\"name\":\"Hayat\u0131n Sa\u011flam Hali!\",\"description\":\"\",\"publisher\":{\"@id\":\"https:\/\/north-steelhomes.com\/#organization\"},\"potentialAction\":[{\"@type\":\"SearchAction\",\"target\":{\"@type\":\"EntryPoint\",\"urlTemplate\":\"https:\/\/north-steelhomes.com\/?s={search_term_string}\"},\"query-input\":\"required name=search_term_string\"}],\"inLanguage\":\"en-GB\"},{\"@type\":\"Organization\",\"@id\":\"https:\/\/north-steelhomes.com\/#organization\",\"name\":\"Hayat\u0131n Sa\u011flam Hali!\",\"url\":\"https:\/\/north-steelhomes.com\/\",\"logo\":{\"@type\":\"ImageObject\",\"inLanguage\":\"en-GB\",\"@id\":\"https:\/\/north-steelhomes.com\/#\/schema\/logo\/image\/\",\"url\":\"https:\/\/north-steelhomes.com\/wp-content\/uploads\/2022\/12\/cropped-North-Steel-Web-Logo.png\",\"contentUrl\":\"https:\/\/north-steelhomes.com\/wp-content\/uploads\/2022\/12\/cropped-North-Steel-Web-Logo.png\",\"width\":200,\"height\":90,\"caption\":\"Hayat\u0131n Sa\u011flam Hali!\"},\"image\":{\"@id\":\"https:\/\/north-steelhomes.com\/#\/schema\/logo\/image\/\"}}]}<\/script>\n<!-- \/ Yoast SEO plugin. -->","yoast_head_json":{"title":"Zeref B\u0130RSEL - Hayat\u0131n Sa\u011flam Hali!","robots":{"index":"index","follow":"follow","max-snippet":"max-snippet:-1","max-image-preview":"max-image-preview:large","max-video-preview":"max-video-preview:-1"},"canonical":"https:\/\/north-steelhomes.com\/en\/leadership\/eric-green\/","og_locale":"en_GB","og_type":"article","og_title":"Zeref B\u0130RSEL - Hayat\u0131n Sa\u011flam Hali!","og_description":"Y\u00fcksek Mimar","og_url":"https:\/\/north-steelhomes.com\/en\/leadership\/eric-green\/","og_site_name":"Hayat\u0131n Sa\u011flam Hali!","article_modified_time":"2023-03-10T15:56:18+00:00","og_image":[{"width":800,"height":1000,"url":"https:\/\/north-steelhomes.com\/wp-content\/uploads\/2023\/02\/5.png","type":"image\/png"}],"twitter_card":"summary_large_image","twitter_misc":{"Estimated reading time":"1 minute"},"schema":{"@context":"https:\/\/schema.org","@graph":[{"@type":"WebPage","@id":"https:\/\/north-steelhomes.com\/leadership\/eric-green\/","url":"https:\/\/north-steelhomes.com\/leadership\/eric-green\/","name":"Zeref B\u0130RSEL - Hayat\u0131n Sa\u011flam Hali!","isPartOf":{"@id":"https:\/\/north-steelhomes.com\/#website"},"datePublished":"2022-11-20T10:34:41+00:00","dateModified":"2023-03-10T15:56:18+00:00","breadcrumb":{"@id":"https:\/\/north-steelhomes.com\/leadership\/eric-green\/#breadcrumb"},"inLanguage":"en-GB","potentialAction":[{"@type":"ReadAction","target":["https:\/\/north-steelhomes.com\/leadership\/eric-green\/"]}]},{"@type":"BreadcrumbList","@id":"https:\/\/north-steelhomes.com\/leadership\/eric-green\/#breadcrumb","itemListElement":[{"@type":"ListItem","position":1,"name":"Home","item":"https:\/\/north-steelhomes.com\/"},{"@type":"ListItem","position":2,"name":"Sekt\u00f6rel Liderlik","item":"https:\/\/north-steelhomes.com\/leadership\/"},{"@type":"ListItem","position":3,"name":"Zeref B\u0130RSEL"}]},{"@type":"WebSite","@id":"https:\/\/north-steelhomes.com\/#website","url":"https:\/\/north-steelhomes.com\/","name":"Hayat\u0131n Sa\u011flam Hali!","description":"","publisher":{"@id":"https:\/\/north-steelhomes.com\/#organization"},"potentialAction":[{"@type":"SearchAction","target":{"@type":"EntryPoint","urlTemplate":"https:\/\/north-steelhomes.com\/?s={search_term_string}"},"query-input":"required name=search_term_string"}],"inLanguage":"en-GB"},{"@type":"Organization","@id":"https:\/\/north-steelhomes.com\/#organization","name":"Hayat\u0131n Sa\u011flam Hali!","url":"https:\/\/north-steelhomes.com\/","logo":{"@type":"ImageObject","inLanguage":"en-GB","@id":"https:\/\/north-steelhomes.com\/#\/schema\/logo\/image\/","url":"https:\/\/north-steelhomes.com\/wp-content\/uploads\/2022\/12\/cropped-North-Steel-Web-Logo.png","contentUrl":"https:\/\/north-steelhomes.com\/wp-content\/uploads\/2022\/12\/cropped-North-Steel-Web-Logo.png","width":200,"height":90,"caption":"Hayat\u0131n Sa\u011flam Hali!"},"image":{"@id":"https:\/\/north-steelhomes.com\/#\/schema\/logo\/image\/"}}]}},"_links":{"self":[{"href":"https:\/\/north-steelhomes.com\/en\/wp-json\/wp\/v2\/pages\/11495"}],"collection":[{"href":"https:\/\/north-steelhomes.com\/en\/wp-json\/wp\/v2\/pages"}],"about":[{"href":"https:\/\/north-steelhomes.com\/en\/wp-json\/wp\/v2\/types\/page"}],"author":[{"embeddable":true,"href":"https:\/\/north-steelhomes.com\/en\/wp-json\/wp\/v2\/users\/2"}],"replies":[{"embeddable":true,"href":"https:\/\/north-steelhomes.com\/en\/wp-json\/wp\/v2\/comments?post=11495"}],"version-history":[{"count":20,"href":"https:\/\/north-steelhomes.com\/en\/wp-json\/wp\/v2\/pages\/11495\/revisions"}],"predecessor-version":[{"id":988888,"href":"https:\/\/north-steelhomes.com\/en\/wp-json\/wp\/v2\/pages\/11495\/revisions\/988888"}],"up":[{"embeddable":true,"href":"https:\/\/north-steelhomes.com\/en\/wp-json\/wp\/v2\/pages\/2220"}],"wp:featuredmedia":[{"embeddable":true,"href":"https:\/\/north-steelhomes.com\/en\/wp-json\/wp\/v2\/media\/988739"}],"wp:attachment":[{"href":"https:\/\/north-steelhomes.com\/en\/wp-json\/wp\/v2\/media?parent=11495"}],"curies":[{"name":"wp","href":"https:\/\/api.w.org\/{rel}","templated":true}]}}