{"id":2220,"date":"2022-10-09T23:21:55","date_gmt":"2022-10-09T23:21:55","guid":{"rendered":"https:\/\/konstruktion.vamtam.com\/?page_id=2220"},"modified":"2024-03-16T10:01:56","modified_gmt":"2024-03-16T10:01:56","slug":"leadership","status":"publish","type":"page","link":"https:\/\/north-steelhomes.com\/en\/leadership\/","title":{"rendered":"Industry Leadership"},"content":{"rendered":"<div data-elementor-type=\"wp-page\" data-elementor-id=\"2220\" class=\"elementor elementor-2220\">\n\t\t\t\t\t\t\t\t\t<section class=\"elementor-section elementor-top-section elementor-element elementor-element-275101c5 elementor-section-boxed elementor-section-height-default elementor-section-height-default\" data-id=\"275101c5\" data-element_type=\"section\">\n\t\t\t\t\t\t<div class=\"elementor-container elementor-column-gap-no\">\n\t\t\t\t\t<div class=\"elementor-column elementor-col-50 elementor-top-column elementor-element elementor-element-76bca859\" data-id=\"76bca859\" data-element_type=\"column\">\n\t\t\t<div class=\"elementor-widget-wrap elementor-element-populated\">\n\t\t\t\t\t\t\t\t<div class=\"elementor-element elementor-element-7b83fed6 elementor-position-right elementor-widget__width-auto elementor-mobile-position-right elementor-widget-mobile__width-auto elementor-vertical-align-middle elementor-view-default elementor-invisible elementor-widget elementor-widget-icon-box\" data-id=\"7b83fed6\" data-element_type=\"widget\" data-settings=\"{&quot;_animation&quot;:&quot;slideInUp&quot;}\" data-widget_type=\"icon-box.default\">\n\t\t\t\t<div class=\"elementor-widget-container\">\n\t\t\t\t\t<div class=\"elementor-icon-box-wrapper\">\n\t\t\t\t\t\t<div class=\"elementor-icon-box-icon\">\n\t\t\t\t<span class=\"elementor-icon elementor-animation-\" >\n\t\t\t\t<i aria-hidden=\"true\" class=\"vamtamtheme- vamtam-theme-line-titles\"><\/i>\t\t\t\t<\/span>\n\t\t\t<\/div>\n\t\t\t\t\t\t<div class=\"elementor-icon-box-content\">\n\t\t\t\t<span class=\"elementor-icon-box-title\">\n\t\t\t\t\t<span  >\n\t\t\t\t\t\t\t\t\t\t\t<\/span>\n\t\t\t\t<\/span>\n\t\t\t\t\t\t\t<\/div>\n\t\t<\/div>\n\t\t\t\t<\/div>\n\t\t\t\t<\/div>\n\t\t\t\t<div class=\"elementor-element elementor-element-407c8d86 elementor-widget elementor-widget-heading\" data-id=\"407c8d86\" data-element_type=\"widget\" data-widget_type=\"heading.default\">\n\t\t\t\t<div class=\"elementor-widget-container\">\n\t\t\t<h1 class=\"elementor-heading-title elementor-size-default\">North Steel Homes<\/h1>\t\t<\/div>\n\t\t\t\t<\/div>\n\t\t\t\t\t<\/div>\n\t\t<\/div>\n\t\t\t\t<div class=\"elementor-column elementor-col-50 elementor-top-column elementor-element elementor-element-25594924\" data-id=\"25594924\" data-element_type=\"column\">\n\t\t\t<div class=\"elementor-widget-wrap elementor-element-populated\">\n\t\t\t\t\t\t\t\t<div class=\"elementor-element elementor-element-365cb012 elementor-widget elementor-widget-text-editor\" data-id=\"365cb012\" data-element_type=\"widget\" data-widget_type=\"text-editor.default\">\n\t\t\t\t<div class=\"elementor-widget-container\">\n\t\t\t\t\t\t\t<p>\u00c7eyrek Asr\u0131 a\u015fan deneyimimiz,Alan\u0131nda\u00a0 uzman hizmet sa\u011flayan ekibimiz ve g\u00fc\u00e7l\u00fc projelerimiz ile sundu\u011fumuzkaliteli hizmetin hakl\u0131 gururunu siz de\u011ferli m\u00fc\u015fterilerimiz ile payla\u015f\u0131yoruz.<\/p>\t\t\t\t\t\t<\/div>\n\t\t\t\t<\/div>\n\t\t\t\t\t<\/div>\n\t\t<\/div>\n\t\t\t\t\t\t\t<\/div>\n\t\t<\/section>\n\t\t\t\t<section class=\"elementor-section elementor-top-section elementor-element elementor-element-641091a elementor-section-height-min-height elementor-section-items-stretch elementor-section-boxed elementor-section-height-default\" data-id=\"641091a\" data-element_type=\"section\">\n\t\t\t\t\t\t<div class=\"elementor-container elementor-column-gap-no\">\n\t\t\t\t\t<div class=\"elementor-column elementor-col-33 elementor-top-column elementor-element elementor-element-22af0b6\" data-id=\"22af0b6\" data-element_type=\"column\">\n\t\t\t<div class=\"elementor-widget-wrap elementor-element-populated\">\n\t\t\t\t\t\t\t\t<div class=\"elementor-element elementor-element-ab00c81 elementor-widget__width-initial elementor-cta--skin-classic elementor-animated-content elementor-bg-transform elementor-bg-transform-zoom-in elementor-widget elementor-widget-call-to-action\" data-id=\"ab00c81\" data-element_type=\"widget\" data-widget_type=\"call-to-action.default\">\n\t\t\t\t<div class=\"elementor-widget-container\">\n\t\t\t\t\t<div class=\"elementor-cta\">\n\t\t\t\t\t\t\t<div class=\"elementor-cta__content\">\n\t\t\t\t\n\t\t\t\t<h2 class=\"elementor-cta__title elementor-cta__content-item elementor-content-item\">100+<\/h2>\n\t\t\t\t\t\t\t\t\t<div class=\"elementor-cta__description elementor-cta__content-item elementor-content-item\">\n\t\t\t\t\t\tCompleted Project\t\t\t\t\t<\/div>\n\t\t\t\t\n\t\t\t\t\t\t\t<\/div>\n\t\t\t\t\t\t<\/div>\n\t\t\t\t<\/div>\n\t\t\t\t<\/div>\n\t\t\t\t\t<\/div>\n\t\t<\/div>\n\t\t\t\t<div class=\"elementor-column elementor-col-33 elementor-top-column elementor-element elementor-element-0360243\" data-id=\"0360243\" data-element_type=\"column\">\n\t\t\t<div class=\"elementor-widget-wrap elementor-element-populated\">\n\t\t\t\t\t\t\t\t<div class=\"elementor-element elementor-element-1797ade elementor-widget__width-initial elementor-widget-mobile__width-inherit elementor-cta--skin-classic elementor-animated-content elementor-bg-transform elementor-bg-transform-zoom-in elementor-widget elementor-widget-call-to-action\" data-id=\"1797ade\" data-element_type=\"widget\" data-widget_type=\"call-to-action.default\">\n\t\t\t\t<div class=\"elementor-widget-container\">\n\t\t\t\t\t<div class=\"elementor-cta\">\n\t\t\t\t\t\t\t<div class=\"elementor-cta__content\">\n\t\t\t\t\n\t\t\t\t<h2 class=\"elementor-cta__title elementor-cta__content-item elementor-content-item\">20+<\/h2>\n\t\t\t\t\t\t\t\t\t<div class=\"elementor-cta__description elementor-cta__content-item elementor-content-item\">\n\t\t\t\t\t\tY\u0131ll\u0131k Tecr\u00fcbe\t\t\t\t\t<\/div>\n\t\t\t\t\n\t\t\t\t\t\t\t<\/div>\n\t\t\t\t\t\t<\/div>\n\t\t\t\t<\/div>\n\t\t\t\t<\/div>\n\t\t\t\t\t<\/div>\n\t\t<\/div>\n\t\t\t\t<div class=\"elementor-column elementor-col-33 elementor-top-column elementor-element elementor-element-b2a5c89\" data-id=\"b2a5c89\" data-element_type=\"column\">\n\t\t\t<div class=\"elementor-widget-wrap elementor-element-populated\">\n\t\t\t\t\t\t\t\t<div class=\"elementor-element elementor-element-db8e38d elementor-widget__width-initial elementor-cta--skin-classic elementor-animated-content elementor-bg-transform elementor-bg-transform-zoom-in elementor-widget elementor-widget-call-to-action\" data-id=\"db8e38d\" data-element_type=\"widget\" data-widget_type=\"call-to-action.default\">\n\t\t\t\t<div class=\"elementor-widget-container\">\n\t\t\t\t\t<div class=\"elementor-cta\">\n\t\t\t\t\t\t\t<div class=\"elementor-cta__content\">\n\t\t\t\t\n\t\t\t\t<h2 class=\"elementor-cta__title elementor-cta__content-item elementor-content-item\">30+<\/h2>\n\t\t\t\t\t\t\t\t\t<div class=\"elementor-cta__description elementor-cta__content-item elementor-content-item\">\n\t\t\t\t\t\tEkip \u00dcyesi\t\t\t\t\t<\/div>\n\t\t\t\t\n\t\t\t\t\t\t\t<\/div>\n\t\t\t\t\t\t<\/div>\n\t\t\t\t<\/div>\n\t\t\t\t<\/div>\n\t\t\t\t\t<\/div>\n\t\t<\/div>\n\t\t\t\t\t\t\t<\/div>\n\t\t<\/section>\n\t\t\t\t<section class=\"elementor-section elementor-top-section elementor-element elementor-element-f51ce94 elementor-section-boxed elementor-section-height-default elementor-section-height-default\" data-id=\"f51ce94\" data-element_type=\"section\" data-settings=\"{&quot;background_background&quot;:&quot;classic&quot;}\">\n\t\t\t\t\t\t<div class=\"elementor-container elementor-column-gap-no\">\n\t\t\t\t\t<div class=\"elementor-column elementor-col-33 elementor-top-column elementor-element elementor-element-9692b68\" data-id=\"9692b68\" data-element_type=\"column\">\n\t\t\t<div class=\"elementor-widget-wrap elementor-element-populated\">\n\t\t\t\t\t\t\t\t<div class=\"elementor-element elementor-element-abdaca0 elementor-widget elementor-widget-heading\" data-id=\"abdaca0\" data-element_type=\"widget\" data-widget_type=\"heading.default\">\n\t\t\t\t<div class=\"elementor-widget-container\">\n\t\t\t<h2 class=\"elementor-heading-title elementor-size-default\">\u0130hsan B\u00fcy\u00fck<\/h2>\t\t<\/div>\n\t\t\t\t<\/div>\n\t\t\t\t<div class=\"elementor-element elementor-element-d6d9530 elementor-widget elementor-widget-heading\" data-id=\"d6d9530\" data-element_type=\"widget\" data-widget_type=\"heading.default\">\n\t\t\t\t<div class=\"elementor-widget-container\">\n\t\t\t<span class=\"elementor-heading-title elementor-size-default\">Kurucu - Direkt\u00f6r<\/span>\t\t<\/div>\n\t\t\t\t<\/div>\n\t\t\t\t\t<\/div>\n\t\t<\/div>\n\t\t\t\t<div class=\"elementor-column elementor-col-33 elementor-top-column elementor-element elementor-element-2cff338\" data-id=\"2cff338\" data-element_type=\"column\">\n\t\t\t<div class=\"elementor-widget-wrap elementor-element-populated\">\n\t\t\t\t\t\t\t\t<div class=\"elementor-element elementor-element-4f69828 elementor-widget elementor-widget-image\" data-id=\"4f69828\" data-element_type=\"widget\" data-widget_type=\"image.default\">\n\t\t\t\t<div class=\"elementor-widget-container\">\n\t\t\t\t\t\t\t\t\t\t\t\t\t\t\t<img loading=\"lazy\" decoding=\"async\" width=\"800\" height=\"1000\" src=\"https:\/\/north-steelhomes.com\/wp-content\/uploads\/2023\/03\/North-Steel-Kisiler-1.png\" class=\"attachment-large size-large wp-image-988890\" alt=\"\" srcset=\"https:\/\/north-steelhomes.com\/wp-content\/uploads\/2023\/03\/North-Steel-Kisiler-1.png 800w, https:\/\/north-steelhomes.com\/wp-content\/uploads\/2023\/03\/North-Steel-Kisiler-1-240x300.png 240w, https:\/\/north-steelhomes.com\/wp-content\/uploads\/2023\/03\/North-Steel-Kisiler-1-768x960.png 768w\" sizes=\"(max-width: 800px) 100vw, 800px\" \/>\t\t\t\t\t\t\t\t\t\t\t\t\t\t\t<\/div>\n\t\t\t\t<\/div>\n\t\t\t\t\t<\/div>\n\t\t<\/div>\n\t\t\t\t<div class=\"elementor-column elementor-col-33 elementor-top-column elementor-element elementor-element-3fdb934\" data-id=\"3fdb934\" data-element_type=\"column\">\n\t\t\t<div class=\"elementor-widget-wrap elementor-element-populated\">\n\t\t\t\t\t\t\t\t<div class=\"elementor-element elementor-element-68909f4 elementor-widget__width-initial elementor-widget elementor-widget-text-editor\" data-id=\"68909f4\" data-element_type=\"widget\" data-widget_type=\"text-editor.default\">\n\t\t\t\t<div class=\"elementor-widget-container\">\n\t\t\t\t\t\t\t\u201cWe favorably impact people, families and communities with our work, our projects and our charitable efforts. It\u2019s an exciting place to be every day and our opportunities to contribute will grow as we continue to grow around the United States.\u201d\t\t\t\t\t\t<\/div>\n\t\t\t\t<\/div>\n\t\t\t\t\t<\/div>\n\t\t<\/div>\n\t\t\t\t\t\t\t<\/div>\n\t\t<\/section>\n\t\t\t\t<section class=\"elementor-section elementor-top-section elementor-element elementor-element-d2bc232 elementor-section-boxed elementor-section-height-default elementor-section-height-default\" data-id=\"d2bc232\" data-element_type=\"section\">\n\t\t\t\t\t\t<div class=\"elementor-container elementor-column-gap-no\">\n\t\t\t\t\t<div class=\"elementor-column elementor-col-100 elementor-top-column elementor-element elementor-element-111e15a\" data-id=\"111e15a\" data-element_type=\"column\">\n\t\t\t<div class=\"elementor-widget-wrap elementor-element-populated\">\n\t\t\t\t\t\t\t\t<div class=\"elementor-element elementor-element-bf7bc9c elementor-invisible elementor-widget elementor-widget-heading\" data-id=\"bf7bc9c\" data-element_type=\"widget\" data-settings=\"{&quot;_animation&quot;:&quot;slideInUp&quot;,&quot;_animation_tablet&quot;:&quot;none&quot;}\" data-widget_type=\"heading.default\">\n\t\t\t\t<div class=\"elementor-widget-container\">\n\t\t\t<h2 class=\"elementor-heading-title elementor-size-default\">Ekibimiz<\/h2>\t\t<\/div>\n\t\t\t\t<\/div>\n\t\t\t\t<div class=\"elementor-element elementor-element-a4f0a9a elementor-widget-divider--view-line elementor-widget elementor-widget-divider\" data-id=\"a4f0a9a\" data-element_type=\"widget\" data-widget_type=\"divider.default\">\n\t\t\t\t<div class=\"elementor-widget-container\">\n\t\t\t\t\t<div class=\"elementor-divider\">\n\t\t\t<span class=\"elementor-divider-separator\">\n\t\t\t\t\t\t<\/span>\n\t\t<\/div>\n\t\t\t\t<\/div>\n\t\t\t\t<\/div>\n\t\t\t\t<div class=\"vamtam-has-theme-widget-styles elementor-element elementor-element-e36961f elementor-grid-4 vamtam-has-hr-layout elementor-grid-tablet-3 vamtam-nav-pos-custom elementor-grid-mobile-1 elementor-posts--thumbnail-top vamtam-has-nav vamtam-has-title-underline-anim vamtam-has-read-more-theme-style elementor-widget elementor-widget-posts\" data-id=\"e36961f\" data-element_type=\"widget\" data-settings=\"{&quot;vamtam_classic_columns&quot;:&quot;4&quot;,&quot;vamtam_classic_columns_tablet&quot;:&quot;3&quot;,&quot;vamtam_classic_row_gap&quot;:{&quot;unit&quot;:&quot;px&quot;,&quot;size&quot;:30,&quot;sizes&quot;:[]},&quot;vamtam_classic_columns_mobile&quot;:&quot;1&quot;,&quot;vamtam_classic_row_gap_tablet&quot;:{&quot;unit&quot;:&quot;px&quot;,&quot;size&quot;:&quot;&quot;,&quot;sizes&quot;:[]},&quot;vamtam_classic_row_gap_mobile&quot;:{&quot;unit&quot;:&quot;px&quot;,&quot;size&quot;:&quot;&quot;,&quot;sizes&quot;:[]}}\" data-widget_type=\"posts.vamtam_classic\">\n\t\t\t\t<div class=\"elementor-widget-container\">\n\t\t\t\t\t<div class=\"elementor-posts-container elementor-posts elementor-posts--skin-vamtam_classic elementor-grid\">\n\t\t\t\t<article class=\"elementor-post elementor-grid-item post-10837 page type-page status-publish has-post-thumbnail hentry\">\n\t\t\t\t<a class=\"elementor-post__thumbnail__link\" href=\"https:\/\/north-steelhomes.com\/en\/leadership\/john-smith\/\" >\n\t\t\t<div class=\"elementor-post__thumbnail\"><img loading=\"lazy\" decoding=\"async\" width=\"800\" height=\"1000\" src=\"https:\/\/north-steelhomes.com\/wp-content\/uploads\/2023\/03\/North-Steel-Kisiler-1.png\" class=\"attachment-full size-full wp-image-988890\" alt=\"\" srcset=\"https:\/\/north-steelhomes.com\/wp-content\/uploads\/2023\/03\/North-Steel-Kisiler-1.png 800w, https:\/\/north-steelhomes.com\/wp-content\/uploads\/2023\/03\/North-Steel-Kisiler-1-240x300.png 240w, https:\/\/north-steelhomes.com\/wp-content\/uploads\/2023\/03\/North-Steel-Kisiler-1-768x960.png 768w\" sizes=\"(max-width: 800px) 100vw, 800px\" \/><\/div>\n\t\t<\/a>\n\t\t\t\t<div class=\"elementor-post__text\">\n\t\t\t\t<h3 class=\"elementor-post__title\">\n\t\t\t<a href=\"https:\/\/north-steelhomes.com\/en\/leadership\/john-smith\/\" >\n\t\t\t\t\u0130hsan B\u00fcy\u00fck\t\t\t<\/a>\n\t\t<\/h3>\n\t\t\t\t<div class=\"elementor-post__excerpt\">\n\t\t\t<p><b>North Steel Homes -Director<\/b><br \/><\/p>\n\t\t<\/div>\n\t\t\t\t<\/div>\n\t\t\t\t<\/article>\n\t\t\t\t<article class=\"elementor-post elementor-grid-item post-10840 page type-page status-publish has-post-thumbnail hentry\">\n\t\t\t\t<a class=\"elementor-post__thumbnail__link\" href=\"https:\/\/north-steelhomes.com\/en\/leadership\/manuel-mitchell\/\" >\n\t\t\t<div class=\"elementor-post__thumbnail\"><img loading=\"lazy\" decoding=\"async\" width=\"800\" height=\"1000\" src=\"https:\/\/north-steelhomes.com\/wp-content\/uploads\/2022\/12\/Ender_Aydogdu.png\" class=\"attachment-full size-full wp-image-987941\" alt=\"Ender_Aydo\u011fdu\" srcset=\"https:\/\/north-steelhomes.com\/wp-content\/uploads\/2022\/12\/Ender_Aydogdu.png 800w, https:\/\/north-steelhomes.com\/wp-content\/uploads\/2022\/12\/Ender_Aydogdu-240x300.png 240w, https:\/\/north-steelhomes.com\/wp-content\/uploads\/2022\/12\/Ender_Aydogdu-768x960.png 768w\" sizes=\"(max-width: 800px) 100vw, 800px\" \/><\/div>\n\t\t<\/a>\n\t\t\t\t<div class=\"elementor-post__text\">\n\t\t\t\t<h3 class=\"elementor-post__title\">\n\t\t\t<a href=\"https:\/\/north-steelhomes.com\/en\/leadership\/manuel-mitchell\/\" >\n\t\t\t\tEnder Aydo\u011fdu\t\t\t<\/a>\n\t\t<\/h3>\n\t\t\t\t<div class=\"elementor-post__excerpt\">\n\t\t\t<p><b>Project Manager, Architect<\/b><br \/><\/p>\n\t\t<\/div>\n\t\t\t\t<\/div>\n\t\t\t\t<\/article>\n\t\t\t\t<article class=\"elementor-post elementor-grid-item post-10842 page type-page status-publish has-post-thumbnail hentry\">\n\t\t\t\t<a class=\"elementor-post__thumbnail__link\" href=\"https:\/\/north-steelhomes.com\/en\/leadership\/jack-morton\/\" >\n\t\t\t<div class=\"elementor-post__thumbnail\"><img loading=\"lazy\" decoding=\"async\" width=\"800\" height=\"1000\" src=\"https:\/\/north-steelhomes.com\/wp-content\/uploads\/2023\/02\/3.png\" class=\"attachment-full size-full wp-image-988733\" alt=\"\" srcset=\"https:\/\/north-steelhomes.com\/wp-content\/uploads\/2023\/02\/3.png 800w, https:\/\/north-steelhomes.com\/wp-content\/uploads\/2023\/02\/3-240x300.png 240w, https:\/\/north-steelhomes.com\/wp-content\/uploads\/2023\/02\/3-768x960.png 768w\" sizes=\"(max-width: 800px) 100vw, 800px\" \/><\/div>\n\t\t<\/a>\n\t\t\t\t<div class=\"elementor-post__text\">\n\t\t\t\t<h3 class=\"elementor-post__title\">\n\t\t\t<a href=\"https:\/\/north-steelhomes.com\/en\/leadership\/jack-morton\/\" >\n\t\t\t\tYusuf Said \u00d6ZKAN\t\t\t<\/a>\n\t\t<\/h3>\n\t\t\t\t<div class=\"elementor-post__excerpt\">\n\t\t\t<p><b>Architect<\/b><br \/><\/p>\n\t\t<\/div>\n\t\t\t\t<\/div>\n\t\t\t\t<\/article>\n\t\t\t\t<\/div>\n\n\n\t\t\n\t\t\t\t<\/div>\n\t\t\t\t<\/div>\n\t\t\t\t\t<\/div>\n\t\t<\/div>\n\t\t\t\t\t\t\t<\/div>\n\t\t<\/section>\n\t\t\t\t\t\t\t<\/div>","protected":false},"excerpt":{"rendered":"<p>North Steel Homes \u00c7eyrek Asr\u0131 a\u015fan deneyimimiz,Alan\u0131nda\u00a0 uzman hizmet sa\u011flayan ekibimiz ve g\u00fc\u00e7l\u00fc projelerimiz ile sundu\u011fumuzkaliteli hizmetin hakl\u0131 gururunu siz de\u011ferli m\u00fc\u015fterilerimiz ile payla\u015f\u0131yoruz. 100+ Tamamlanan Proje 20+ Y\u0131ll\u0131k Tecr\u00fcbe 30+ Ekip \u00dcyesi \u0130hsan B\u00fcy\u00fck Kurucu &#8211; Direkt\u00f6r \u201cWe favorably impact people, families and communities with our work, our projects and our charitable efforts. It\u2019s&#8230;<\/p>","protected":false},"author":2,"featured_media":0,"parent":0,"menu_order":0,"comment_status":"closed","ping_status":"closed","template":"","meta":{"footnotes":"","_joinchat":[]},"yoast_head":"<!-- This site is optimized with the Yoast SEO plugin v19.13 - https:\/\/yoast.com\/wordpress\/plugins\/seo\/ -->\n<title>Sekt\u00f6rel Liderlik - Hayat\u0131n Sa\u011flam Hali!<\/title>\n<meta name=\"robots\" content=\"index, follow, max-snippet:-1, max-image-preview:large, max-video-preview:-1\" \/>\n<link rel=\"canonical\" href=\"https:\/\/north-steelhomes.com\/en\/leadership\/\" \/>\n<meta property=\"og:locale\" content=\"en_GB\" \/>\n<meta property=\"og:type\" content=\"article\" \/>\n<meta property=\"og:title\" content=\"Sekt\u00f6rel Liderlik - Hayat\u0131n Sa\u011flam Hali!\" \/>\n<meta property=\"og:description\" content=\"North Steel Homes \u00c7eyrek Asr\u0131 a\u015fan deneyimimiz,Alan\u0131nda\u00a0 uzman hizmet sa\u011flayan ekibimiz ve g\u00fc\u00e7l\u00fc projelerimiz ile sundu\u011fumuzkaliteli hizmetin hakl\u0131 gururunu siz de\u011ferli m\u00fc\u015fterilerimiz ile payla\u015f\u0131yoruz. 100+ Tamamlanan Proje 20+ Y\u0131ll\u0131k Tecr\u00fcbe 30+ Ekip \u00dcyesi \u0130hsan B\u00fcy\u00fck Kurucu &#8211; Direkt\u00f6r \u201cWe favorably impact people, families and communities with our work, our projects and our charitable efforts. It\u2019s...\" \/>\n<meta property=\"og:url\" content=\"https:\/\/north-steelhomes.com\/en\/leadership\/\" \/>\n<meta property=\"og:site_name\" content=\"Hayat\u0131n Sa\u011flam Hali!\" \/>\n<meta property=\"article:modified_time\" content=\"2024-03-16T10:01:56+00:00\" \/>\n<meta property=\"og:image\" content=\"https:\/\/north-steelhomes.com\/wp-content\/uploads\/2023\/03\/North-Steel-Kisiler-1.png\" \/>\n<meta name=\"twitter:card\" content=\"summary_large_image\" \/>\n<meta name=\"twitter:label1\" content=\"Estimated reading time\" \/>\n\t<meta name=\"twitter:data1\" content=\"2 minutes\" \/>\n<script type=\"application\/ld+json\" class=\"yoast-schema-graph\">{\"@context\":\"https:\/\/schema.org\",\"@graph\":[{\"@type\":\"WebPage\",\"@id\":\"https:\/\/north-steelhomes.com\/leadership\/\",\"url\":\"https:\/\/north-steelhomes.com\/leadership\/\",\"name\":\"Sekt\u00f6rel Liderlik - Hayat\u0131n Sa\u011flam Hali!\",\"isPartOf\":{\"@id\":\"https:\/\/north-steelhomes.com\/#website\"},\"datePublished\":\"2022-10-09T23:21:55+00:00\",\"dateModified\":\"2024-03-16T10:01:56+00:00\",\"breadcrumb\":{\"@id\":\"https:\/\/north-steelhomes.com\/leadership\/#breadcrumb\"},\"inLanguage\":\"en-GB\",\"potentialAction\":[{\"@type\":\"ReadAction\",\"target\":[\"https:\/\/north-steelhomes.com\/leadership\/\"]}]},{\"@type\":\"BreadcrumbList\",\"@id\":\"https:\/\/north-steelhomes.com\/leadership\/#breadcrumb\",\"itemListElement\":[{\"@type\":\"ListItem\",\"position\":1,\"name\":\"Home\",\"item\":\"https:\/\/north-steelhomes.com\/\"},{\"@type\":\"ListItem\",\"position\":2,\"name\":\"Sekt\u00f6rel Liderlik\"}]},{\"@type\":\"WebSite\",\"@id\":\"https:\/\/north-steelhomes.com\/#website\",\"url\":\"https:\/\/north-steelhomes.com\/\",\"name\":\"Hayat\u0131n Sa\u011flam Hali!\",\"description\":\"\",\"publisher\":{\"@id\":\"https:\/\/north-steelhomes.com\/#organization\"},\"potentialAction\":[{\"@type\":\"SearchAction\",\"target\":{\"@type\":\"EntryPoint\",\"urlTemplate\":\"https:\/\/north-steelhomes.com\/?s={search_term_string}\"},\"query-input\":\"required name=search_term_string\"}],\"inLanguage\":\"en-GB\"},{\"@type\":\"Organization\",\"@id\":\"https:\/\/north-steelhomes.com\/#organization\",\"name\":\"Hayat\u0131n Sa\u011flam Hali!\",\"url\":\"https:\/\/north-steelhomes.com\/\",\"logo\":{\"@type\":\"ImageObject\",\"inLanguage\":\"en-GB\",\"@id\":\"https:\/\/north-steelhomes.com\/#\/schema\/logo\/image\/\",\"url\":\"https:\/\/north-steelhomes.com\/wp-content\/uploads\/2022\/12\/cropped-North-Steel-Web-Logo.png\",\"contentUrl\":\"https:\/\/north-steelhomes.com\/wp-content\/uploads\/2022\/12\/cropped-North-Steel-Web-Logo.png\",\"width\":200,\"height\":90,\"caption\":\"Hayat\u0131n Sa\u011flam Hali!\"},\"image\":{\"@id\":\"https:\/\/north-steelhomes.com\/#\/schema\/logo\/image\/\"}}]}<\/script>\n<!-- \/ Yoast SEO plugin. -->","yoast_head_json":{"title":"Sekt\u00f6rel Liderlik - Hayat\u0131n Sa\u011flam Hali!","robots":{"index":"index","follow":"follow","max-snippet":"max-snippet:-1","max-image-preview":"max-image-preview:large","max-video-preview":"max-video-preview:-1"},"canonical":"https:\/\/north-steelhomes.com\/en\/leadership\/","og_locale":"en_GB","og_type":"article","og_title":"Sekt\u00f6rel Liderlik - Hayat\u0131n Sa\u011flam Hali!","og_description":"North Steel Homes \u00c7eyrek Asr\u0131 a\u015fan deneyimimiz,Alan\u0131nda\u00a0 uzman hizmet sa\u011flayan ekibimiz ve g\u00fc\u00e7l\u00fc projelerimiz ile sundu\u011fumuzkaliteli hizmetin hakl\u0131 gururunu siz de\u011ferli m\u00fc\u015fterilerimiz ile payla\u015f\u0131yoruz. 100+ Tamamlanan Proje 20+ Y\u0131ll\u0131k Tecr\u00fcbe 30+ Ekip \u00dcyesi \u0130hsan B\u00fcy\u00fck Kurucu &#8211; Direkt\u00f6r \u201cWe favorably impact people, families and communities with our work, our projects and our charitable efforts. It\u2019s...","og_url":"https:\/\/north-steelhomes.com\/en\/leadership\/","og_site_name":"Hayat\u0131n Sa\u011flam Hali!","article_modified_time":"2024-03-16T10:01:56+00:00","og_image":[{"url":"https:\/\/north-steelhomes.com\/wp-content\/uploads\/2023\/03\/North-Steel-Kisiler-1.png"}],"twitter_card":"summary_large_image","twitter_misc":{"Estimated reading time":"2 minutes"},"schema":{"@context":"https:\/\/schema.org","@graph":[{"@type":"WebPage","@id":"https:\/\/north-steelhomes.com\/leadership\/","url":"https:\/\/north-steelhomes.com\/leadership\/","name":"Sekt\u00f6rel Liderlik - Hayat\u0131n Sa\u011flam Hali!","isPartOf":{"@id":"https:\/\/north-steelhomes.com\/#website"},"datePublished":"2022-10-09T23:21:55+00:00","dateModified":"2024-03-16T10:01:56+00:00","breadcrumb":{"@id":"https:\/\/north-steelhomes.com\/leadership\/#breadcrumb"},"inLanguage":"en-GB","potentialAction":[{"@type":"ReadAction","target":["https:\/\/north-steelhomes.com\/leadership\/"]}]},{"@type":"BreadcrumbList","@id":"https:\/\/north-steelhomes.com\/leadership\/#breadcrumb","itemListElement":[{"@type":"ListItem","position":1,"name":"Home","item":"https:\/\/north-steelhomes.com\/"},{"@type":"ListItem","position":2,"name":"Sekt\u00f6rel Liderlik"}]},{"@type":"WebSite","@id":"https:\/\/north-steelhomes.com\/#website","url":"https:\/\/north-steelhomes.com\/","name":"Hayat\u0131n Sa\u011flam Hali!","description":"","publisher":{"@id":"https:\/\/north-steelhomes.com\/#organization"},"potentialAction":[{"@type":"SearchAction","target":{"@type":"EntryPoint","urlTemplate":"https:\/\/north-steelhomes.com\/?s={search_term_string}"},"query-input":"required name=search_term_string"}],"inLanguage":"en-GB"},{"@type":"Organization","@id":"https:\/\/north-steelhomes.com\/#organization","name":"Hayat\u0131n Sa\u011flam Hali!","url":"https:\/\/north-steelhomes.com\/","logo":{"@type":"ImageObject","inLanguage":"en-GB","@id":"https:\/\/north-steelhomes.com\/#\/schema\/logo\/image\/","url":"https:\/\/north-steelhomes.com\/wp-content\/uploads\/2022\/12\/cropped-North-Steel-Web-Logo.png","contentUrl":"https:\/\/north-steelhomes.com\/wp-content\/uploads\/2022\/12\/cropped-North-Steel-Web-Logo.png","width":200,"height":90,"caption":"Hayat\u0131n Sa\u011flam Hali!"},"image":{"@id":"https:\/\/north-steelhomes.com\/#\/schema\/logo\/image\/"}}]}},"_links":{"self":[{"href":"https:\/\/north-steelhomes.com\/en\/wp-json\/wp\/v2\/pages\/2220"}],"collection":[{"href":"https:\/\/north-steelhomes.com\/en\/wp-json\/wp\/v2\/pages"}],"about":[{"href":"https:\/\/north-steelhomes.com\/en\/wp-json\/wp\/v2\/types\/page"}],"author":[{"embeddable":true,"href":"https:\/\/north-steelhomes.com\/en\/wp-json\/wp\/v2\/users\/2"}],"replies":[{"embeddable":true,"href":"https:\/\/north-steelhomes.com\/en\/wp-json\/wp\/v2\/comments?post=2220"}],"version-history":[{"count":52,"href":"https:\/\/north-steelhomes.com\/en\/wp-json\/wp\/v2\/pages\/2220\/revisions"}],"predecessor-version":[{"id":989054,"href":"https:\/\/north-steelhomes.com\/en\/wp-json\/wp\/v2\/pages\/2220\/revisions\/989054"}],"wp:attachment":[{"href":"https:\/\/north-steelhomes.com\/en\/wp-json\/wp\/v2\/media?parent=2220"}],"curies":[{"name":"wp","href":"https:\/\/api.w.org\/{rel}","templated":true}]}}