{"id":987656,"date":"2022-12-22T14:24:25","date_gmt":"2022-12-22T14:24:25","guid":{"rendered":"https:\/\/north-steelhomes.com\/?page_id=987656"},"modified":"2022-12-22T15:09:31","modified_gmt":"2022-12-22T15:09:31","slug":"katalog","status":"publish","type":"page","link":"https:\/\/north-steelhomes.com\/en\/katalog\/","title":{"rendered":"katalog"},"content":{"rendered":"<div data-elementor-type=\"wp-page\" data-elementor-id=\"987656\" class=\"elementor elementor-987656\">\n\t\t\t\t\t\t\t\t\t<section class=\"elementor-section elementor-top-section elementor-element elementor-element-cbc5f80 elementor-section-boxed elementor-section-height-default elementor-section-height-default\" data-id=\"cbc5f80\" data-element_type=\"section\">\n\t\t\t\t\t\t<div class=\"elementor-container elementor-column-gap-default\">\n\t\t\t\t\t<div class=\"elementor-column elementor-col-100 elementor-top-column elementor-element elementor-element-024a262\" data-id=\"024a262\" data-element_type=\"column\">\n\t\t\t<div class=\"elementor-widget-wrap elementor-element-populated\">\n\t\t\t\t\t\t\t\t<div class=\"elementor-element elementor-element-7664d06 elementor-widget elementor-widget-spacer\" data-id=\"7664d06\" data-element_type=\"widget\" data-widget_type=\"spacer.default\">\n\t\t\t\t<div class=\"elementor-widget-container\">\n\t\t\t\t\t<div class=\"elementor-spacer\">\n\t\t\t<div class=\"elementor-spacer-inner\"><\/div>\n\t\t<\/div>\n\t\t\t\t<\/div>\n\t\t\t\t<\/div>\n\t\t\t\t<div class=\"elementor-element elementor-element-b8fd9f3 elementor-widget elementor-widget-heading\" data-id=\"b8fd9f3\" data-element_type=\"widget\" data-widget_type=\"heading.default\">\n\t\t\t\t<div class=\"elementor-widget-container\">\n\t\t\t<h2 class=\"elementor-heading-title elementor-size-default\">Online Katalog <\/h2>\t\t<\/div>\n\t\t\t\t<\/div>\n\t\t\t\t<div class=\"elementor-element elementor-element-42f7ffe elementor-widget elementor-widget-shortcode\" data-id=\"42f7ffe\" data-element_type=\"widget\" data-widget_type=\"shortcode.default\">\n\t\t\t\t<div class=\"elementor-widget-container\">\n\t\t\t\t\t<div class=\"elementor-shortcode\"><div class=\"_df_book df-lite\" id=\"df_23\"  data-title=\"north-steel-katalog\" _slug=\"23\" wpoptions=\"true\" thumbtype=\"bg\" ><p class=\"df-raw-loading\">Please wait while flipbook is loading. For more related info, FAQs and issues please refer to <a href=\"https:\/\/wordpress.org\/plugins\/3d-flipbook-dflip-lite\/#installation\">DearFlip WordPress Flipbook Plugin Help<\/a> documentation.<\/p><\/div><script class=\"df-shortcode-script\" type=\"application\/javascript\">window.option_df_23 = {\"outline\":[],\"height\":\"1000\",\"forceFit\":\"true\",\"autoEnableOutline\":\"false\",\"autoEnableThumbnail\":\"false\",\"overwritePDFOutline\":\"false\",\"direction\":\"1\",\"pageSize\":\"0\",\"source\":\"https:\\\/\\\/north-steelhomes.com\\\/wp-content\\\/uploads\\\/2024\\\/04\\\/North-Steel-Katalog-Update_compressed.pdf\",\"wpOptions\":\"true\"}; if(window.DFLIP && window.DFLIP.parseBooks){window.DFLIP.parseBooks();}<\/script>\t<\/div>\n\t\t\t\t<\/div>\n\t\t\t\t<\/div>\n\t\t\t\t\t<\/div>\n\t\t<\/div>\n\t\t\t\t\t\t\t<\/div>\n\t\t<\/section>\n\t\t\t\t<section class=\"elementor-section elementor-top-section elementor-element elementor-element-85ce6d3 elementor-section-boxed elementor-section-height-default elementor-section-height-default\" data-id=\"85ce6d3\" data-element_type=\"section\">\n\t\t\t\t\t\t<div class=\"elementor-container elementor-column-gap-default\">\n\t\t\t\t\t<div class=\"elementor-column elementor-col-100 elementor-top-column elementor-element elementor-element-94fcaf3\" data-id=\"94fcaf3\" data-element_type=\"column\">\n\t\t\t<div class=\"elementor-widget-wrap elementor-element-populated\">\n\t\t\t\t\t\t\t\t<div class=\"elementor-element elementor-element-5989294 elementor-widget elementor-widget-spacer\" data-id=\"5989294\" data-element_type=\"widget\" data-widget_type=\"spacer.default\">\n\t\t\t\t<div class=\"elementor-widget-container\">\n\t\t\t\t\t<div class=\"elementor-spacer\">\n\t\t\t<div class=\"elementor-spacer-inner\"><\/div>\n\t\t<\/div>\n\t\t\t\t<\/div>\n\t\t\t\t<\/div>\n\t\t\t\t\t<\/div>\n\t\t<\/div>\n\t\t\t\t\t\t\t<\/div>\n\t\t<\/section>\n\t\t\t\t<section class=\"elementor-section elementor-top-section elementor-element elementor-element-8c881e9 elementor-section-boxed elementor-section-height-default elementor-section-height-default\" data-id=\"8c881e9\" data-element_type=\"section\">\n\t\t\t\t\t\t<div class=\"elementor-container elementor-column-gap-default\">\n\t\t\t\t\t<div class=\"elementor-column elementor-col-50 elementor-top-column elementor-element elementor-element-2c80d6f\" data-id=\"2c80d6f\" data-element_type=\"column\">\n\t\t\t<div class=\"elementor-widget-wrap elementor-element-populated\">\n\t\t\t\t\t\t\t\t<div class=\"elementor-element elementor-element-da69548 elementor-widget elementor-widget-heading\" data-id=\"da69548\" data-element_type=\"widget\" data-widget_type=\"heading.default\">\n\t\t\t\t<div class=\"elementor-widget-container\">\n\t\t\t<h4 class=\"elementor-heading-title elementor-size-default\">Our Social Media Accounts<\/h4>\t\t<\/div>\n\t\t\t\t<\/div>\n\t\t\t\t<div class=\"elementor-element elementor-element-e8e6cc5 e-grid-align-left elementor-shape-rounded elementor-grid-0 elementor-widget elementor-widget-social-icons\" data-id=\"e8e6cc5\" data-element_type=\"widget\" data-widget_type=\"social-icons.default\">\n\t\t\t\t<div class=\"elementor-widget-container\">\n\t\t\t\t\t<div class=\"elementor-social-icons-wrapper elementor-grid\">\n\t\t\t\t\t\t\t<span class=\"elementor-grid-item\">\n\t\t\t\t\t<a class=\"elementor-icon elementor-social-icon elementor-social-icon-facebook elementor-repeater-item-4022204\" href=\"https:\/\/www.facebook.com\/ncsteel.homes\" target=\"_blank\">\n\t\t\t\t\t\t<span class=\"elementor-screen-only\">Facebook<\/span>\n\t\t\t\t\t\t<i class=\"fab fa-facebook\"><\/i>\t\t\t\t\t<\/a>\n\t\t\t\t<\/span>\n\t\t\t\t\t\t\t<span class=\"elementor-grid-item\">\n\t\t\t\t\t<a class=\"elementor-icon elementor-social-icon elementor-social-icon-instagram elementor-repeater-item-14da94c\" href=\"https:\/\/www.instagram.com\/northsteelhomes\/\" target=\"_blank\">\n\t\t\t\t\t\t<span class=\"elementor-screen-only\">Instagram<\/span>\n\t\t\t\t\t\t<i class=\"fab fa-instagram\"><\/i>\t\t\t\t\t<\/a>\n\t\t\t\t<\/span>\n\t\t\t\t\t\t\t<span class=\"elementor-grid-item\">\n\t\t\t\t\t<a class=\"elementor-icon elementor-social-icon elementor-social-icon-whatsapp elementor-repeater-item-05720fd\" target=\"_blank\">\n\t\t\t\t\t\t<span class=\"elementor-screen-only\">Whatsapp<\/span>\n\t\t\t\t\t\t<i class=\"fab fa-whatsapp\"><\/i>\t\t\t\t\t<\/a>\n\t\t\t\t<\/span>\n\t\t\t\t\t<\/div>\n\t\t\t\t<\/div>\n\t\t\t\t<\/div>\n\t\t\t\t\t<\/div>\n\t\t<\/div>\n\t\t\t\t<div class=\"elementor-column elementor-col-50 elementor-top-column elementor-element elementor-element-dbc04b7\" data-id=\"dbc04b7\" data-element_type=\"column\">\n\t\t\t<div class=\"elementor-widget-wrap elementor-element-populated\">\n\t\t\t\t\t\t\t\t<div class=\"elementor-element elementor-element-9773aa1 elementor-widget elementor-widget-heading\" data-id=\"9773aa1\" data-element_type=\"widget\" data-widget_type=\"heading.default\">\n\t\t\t\t<div class=\"elementor-widget-container\">\n\t\t\t<h4 class=\"elementor-heading-title elementor-size-default\">Our Social Media Accounts<\/h4>\t\t<\/div>\n\t\t\t\t<\/div>\n\t\t\t\t<div class=\"elementor-element elementor-element-afd9d83 elementor-widget elementor-widget-google_maps\" data-id=\"afd9d83\" data-element_type=\"widget\" data-widget_type=\"google_maps.default\">\n\t\t\t\t<div class=\"elementor-widget-container\">\n\t\t\t\t\t<div class=\"elementor-custom-embed\">\n\t\t\t<iframe frameborder=\"0\" scrolling=\"no\" marginheight=\"0\" marginwidth=\"0\"\n\t\t\t\t\tsrc=\"https:\/\/maps.google.com\/maps?q=North%20Steel%20Homes&#038;t=m&#038;z=10&#038;output=embed&#038;iwloc=near\"\n\t\t\t\t\ttitle=\"North Steel Homes\"\n\t\t\t\t\taria-label=\"North Steel Homes\"\n\t\t\t><\/iframe>\n\t\t<\/div>\n\t\t\t\t<\/div>\n\t\t\t\t<\/div>\n\t\t\t\t\t<\/div>\n\t\t<\/div>\n\t\t\t\t\t\t\t<\/div>\n\t\t<\/section>\n\t\t\t\t<section class=\"elementor-section elementor-top-section elementor-element elementor-element-8d017e1 elementor-section-boxed elementor-section-height-default elementor-section-height-default\" data-id=\"8d017e1\" data-element_type=\"section\">\n\t\t\t\t\t\t<div class=\"elementor-container elementor-column-gap-default\">\n\t\t\t\t\t<div class=\"elementor-column elementor-col-100 elementor-top-column elementor-element elementor-element-df15a27\" data-id=\"df15a27\" data-element_type=\"column\">\n\t\t\t<div class=\"elementor-widget-wrap elementor-element-populated\">\n\t\t\t\t\t\t\t\t<div class=\"elementor-element elementor-element-9165441 elementor-widget elementor-widget-spacer\" data-id=\"9165441\" data-element_type=\"widget\" data-widget_type=\"spacer.default\">\n\t\t\t\t<div class=\"elementor-widget-container\">\n\t\t\t\t\t<div class=\"elementor-spacer\">\n\t\t\t<div class=\"elementor-spacer-inner\"><\/div>\n\t\t<\/div>\n\t\t\t\t<\/div>\n\t\t\t\t<\/div>\n\t\t\t\t<div class=\"elementor-element elementor-element-241a36d elementor-widget elementor-widget-heading\" data-id=\"241a36d\" data-element_type=\"widget\" data-widget_type=\"heading.default\">\n\t\t\t\t<div class=\"elementor-widget-container\">\n\t\t\t<h3 class=\"elementor-heading-title elementor-size-default\">\u0130leti\u015fim Formu<\/h3>\t\t<\/div>\n\t\t\t\t<\/div>\n\t\t\t\t<div class=\"elementor-element elementor-element-fed8ef0 elementor-widget elementor-widget-wpforms\" data-id=\"fed8ef0\" data-element_type=\"widget\" data-widget_type=\"wpforms.default\">\n\t\t\t\t<div class=\"elementor-widget-container\">\n\t\t\t<div class=\"wpforms-container\" id=\"wpforms-987673\"><form id=\"wpforms-form-987673\" class=\"wpforms-validate wpforms-form wpforms-ajax-form\" data-formid=\"987673\" method=\"post\" enctype=\"multipart\/form-data\" action=\"\/en\/wp-json\/wp\/v2\/pages\/987656\" data-token=\"8acf3ff4c70257093846f9250d27135a\" data-trp-original-action=\"\/en\/wp-json\/wp\/v2\/pages\/987656\"><noscript class=\"wpforms-error-noscript\">Please enable JavaScript in your browser to complete this form.<\/noscript><div class=\"wpforms-field-container\"><div id=\"wpforms-987673-field_0-container\" class=\"wpforms-field wpforms-field-name\" data-field-id=\"0\"><label class=\"wpforms-field-label\" for=\"wpforms-987673-field_0\">Name <span class=\"wpforms-required-label\">*<\/span><\/label><div class=\"wpforms-field-row wpforms-field-medium\"><div class=\"wpforms-field-row-block wpforms-first wpforms-one-half\"><input type=\"text\" id=\"wpforms-987673-field_0\" class=\"wpforms-field-name-first wpforms-field-required\" name=\"wpforms[fields][0][first]\" required><label for=\"wpforms-987673-field_0\" class=\"wpforms-field-sublabel after\">First<\/label><\/div><div class=\"wpforms-field-row-block wpforms-one-half\"><input type=\"text\" id=\"wpforms-987673-field_0-last\" class=\"wpforms-field-name-last wpforms-field-required\" name=\"wpforms[fields][0][last]\" required><label for=\"wpforms-987673-field_0-last\" class=\"wpforms-field-sublabel after\">Last<\/label><\/div><\/div><\/div><div id=\"wpforms-987673-field_1-container\" class=\"wpforms-field wpforms-field-email\" data-field-id=\"1\"><label class=\"wpforms-field-label\" for=\"wpforms-987673-field_1\">E-Mail <span class=\"wpforms-required-label\">*<\/span><\/label><input type=\"email\" id=\"wpforms-987673-field_1\" class=\"wpforms-field-medium wpforms-field-required\" name=\"wpforms[fields][1]\" required><\/div><div id=\"wpforms-987673-field_2-container\" class=\"wpforms-field wpforms-field-textarea\" data-field-id=\"2\"><label class=\"wpforms-field-label\" for=\"wpforms-987673-field_2\">\u0130letmek istedi\u011finiz Mesaj<\/label><textarea id=\"wpforms-987673-field_2\" class=\"wpforms-field-medium\" name=\"wpforms[fields][2]\" ><\/textarea><\/div><\/div><div class=\"wpforms-submit-container\"><input type=\"hidden\" name=\"wpforms[id]\" value=\"987673\"><input type=\"hidden\" name=\"wpforms[author]\" value=\"2\"><button type=\"submit\" name=\"wpforms[submit]\" id=\"wpforms-submit-987673\" class=\"wpforms-submit\" data-alt-text=\"Sending...\" data-submit-text=\"Submit\" aria-live=\"assertive\" value=\"wpforms-submit\">Submit<\/button><img loading=\"lazy\" decoding=\"async\" src=\"https:\/\/north-steelhomes.com\/wp-content\/plugins\/wpforms-lite\/assets\/images\/submit-spin.svg\" class=\"wpforms-submit-spinner\" style=\"display: none;\" width=\"26\" height=\"26\" alt=\"Loading\"><\/div><input type=\"hidden\" name=\"trp-form-language\" value=\"en\"\/><\/form><\/div>  <!-- .wpforms-container -->\t\t<\/div>\n\t\t\t\t<\/div>\n\t\t\t\t\t<\/div>\n\t\t<\/div>\n\t\t\t\t\t\t\t<\/div>\n\t\t<\/section>\n\t\t\t\t<section class=\"elementor-section elementor-top-section elementor-element elementor-element-16a1f89 elementor-section-boxed elementor-section-height-default elementor-section-height-default\" data-id=\"16a1f89\" data-element_type=\"section\">\n\t\t\t\t\t\t<div class=\"elementor-container elementor-column-gap-default\">\n\t\t\t\t\t<div class=\"elementor-column elementor-col-100 elementor-top-column elementor-element elementor-element-815b43f\" data-id=\"815b43f\" data-element_type=\"column\">\n\t\t\t<div class=\"elementor-widget-wrap\">\n\t\t\t\t\t\t\t\t\t<\/div>\n\t\t<\/div>\n\t\t\t\t\t\t\t<\/div>\n\t\t<\/section>\n\t\t\t\t\t\t\t<\/div>","protected":false},"excerpt":{"rendered":"<p>Online Katalog Sosyal Medya Hesaplar\u0131m\u0131z Facebook Instagram Whatsapp Sosyal Medya Hesaplar\u0131m\u0131z \u0130leti\u015fim Formu<\/p>","protected":false},"author":2,"featured_media":0,"parent":0,"menu_order":0,"comment_status":"closed","ping_status":"closed","template":"","meta":{"footnotes":"","_joinchat":[]},"yoast_head":"<!-- This site is optimized with the Yoast SEO plugin v19.13 - https:\/\/yoast.com\/wordpress\/plugins\/seo\/ -->\n<title>katalog - Hayat\u0131n Sa\u011flam Hali!<\/title>\n<meta name=\"robots\" content=\"index, follow, max-snippet:-1, max-image-preview:large, max-video-preview:-1\" \/>\n<link rel=\"canonical\" href=\"https:\/\/north-steelhomes.com\/en\/katalog\/\" \/>\n<meta property=\"og:locale\" content=\"en_GB\" \/>\n<meta property=\"og:type\" content=\"article\" \/>\n<meta property=\"og:title\" content=\"katalog - Hayat\u0131n Sa\u011flam Hali!\" \/>\n<meta property=\"og:description\" content=\"Online Katalog Sosyal Medya Hesaplar\u0131m\u0131z Facebook Instagram Whatsapp Sosyal Medya Hesaplar\u0131m\u0131z \u0130leti\u015fim Formu\" \/>\n<meta property=\"og:url\" content=\"https:\/\/north-steelhomes.com\/en\/katalog\/\" \/>\n<meta property=\"og:site_name\" content=\"Hayat\u0131n Sa\u011flam Hali!\" \/>\n<meta property=\"article:modified_time\" content=\"2022-12-22T15:09:31+00:00\" \/>\n<meta name=\"twitter:card\" content=\"summary_large_image\" \/>\n<meta name=\"twitter:label1\" content=\"Estimated reading time\" \/>\n\t<meta name=\"twitter:data1\" content=\"1 minute\" \/>\n<script type=\"application\/ld+json\" class=\"yoast-schema-graph\">{\"@context\":\"https:\/\/schema.org\",\"@graph\":[{\"@type\":\"WebPage\",\"@id\":\"https:\/\/north-steelhomes.com\/katalog\/\",\"url\":\"https:\/\/north-steelhomes.com\/katalog\/\",\"name\":\"katalog - Hayat\u0131n Sa\u011flam Hali!\",\"isPartOf\":{\"@id\":\"https:\/\/north-steelhomes.com\/#website\"},\"datePublished\":\"2022-12-22T14:24:25+00:00\",\"dateModified\":\"2022-12-22T15:09:31+00:00\",\"breadcrumb\":{\"@id\":\"https:\/\/north-steelhomes.com\/katalog\/#breadcrumb\"},\"inLanguage\":\"en-GB\",\"potentialAction\":[{\"@type\":\"ReadAction\",\"target\":[\"https:\/\/north-steelhomes.com\/katalog\/\"]}]},{\"@type\":\"BreadcrumbList\",\"@id\":\"https:\/\/north-steelhomes.com\/katalog\/#breadcrumb\",\"itemListElement\":[{\"@type\":\"ListItem\",\"position\":1,\"name\":\"Home\",\"item\":\"https:\/\/north-steelhomes.com\/\"},{\"@type\":\"ListItem\",\"position\":2,\"name\":\"katalog\"}]},{\"@type\":\"WebSite\",\"@id\":\"https:\/\/north-steelhomes.com\/#website\",\"url\":\"https:\/\/north-steelhomes.com\/\",\"name\":\"Hayat\u0131n Sa\u011flam Hali!\",\"description\":\"\",\"publisher\":{\"@id\":\"https:\/\/north-steelhomes.com\/#organization\"},\"potentialAction\":[{\"@type\":\"SearchAction\",\"target\":{\"@type\":\"EntryPoint\",\"urlTemplate\":\"https:\/\/north-steelhomes.com\/?s={search_term_string}\"},\"query-input\":\"required name=search_term_string\"}],\"inLanguage\":\"en-GB\"},{\"@type\":\"Organization\",\"@id\":\"https:\/\/north-steelhomes.com\/#organization\",\"name\":\"Hayat\u0131n Sa\u011flam Hali!\",\"url\":\"https:\/\/north-steelhomes.com\/\",\"logo\":{\"@type\":\"ImageObject\",\"inLanguage\":\"en-GB\",\"@id\":\"https:\/\/north-steelhomes.com\/#\/schema\/logo\/image\/\",\"url\":\"https:\/\/north-steelhomes.com\/wp-content\/uploads\/2022\/12\/cropped-North-Steel-Web-Logo.png\",\"contentUrl\":\"https:\/\/north-steelhomes.com\/wp-content\/uploads\/2022\/12\/cropped-North-Steel-Web-Logo.png\",\"width\":200,\"height\":90,\"caption\":\"Hayat\u0131n Sa\u011flam Hali!\"},\"image\":{\"@id\":\"https:\/\/north-steelhomes.com\/#\/schema\/logo\/image\/\"}}]}<\/script>\n<!-- \/ Yoast SEO plugin. -->","yoast_head_json":{"title":"katalog - Hayat\u0131n Sa\u011flam Hali!","robots":{"index":"index","follow":"follow","max-snippet":"max-snippet:-1","max-image-preview":"max-image-preview:large","max-video-preview":"max-video-preview:-1"},"canonical":"https:\/\/north-steelhomes.com\/en\/katalog\/","og_locale":"en_GB","og_type":"article","og_title":"katalog - Hayat\u0131n Sa\u011flam Hali!","og_description":"Online Katalog Sosyal Medya Hesaplar\u0131m\u0131z Facebook Instagram Whatsapp Sosyal Medya Hesaplar\u0131m\u0131z \u0130leti\u015fim Formu","og_url":"https:\/\/north-steelhomes.com\/en\/katalog\/","og_site_name":"Hayat\u0131n Sa\u011flam Hali!","article_modified_time":"2022-12-22T15:09:31+00:00","twitter_card":"summary_large_image","twitter_misc":{"Estimated reading time":"1 minute"},"schema":{"@context":"https:\/\/schema.org","@graph":[{"@type":"WebPage","@id":"https:\/\/north-steelhomes.com\/katalog\/","url":"https:\/\/north-steelhomes.com\/katalog\/","name":"katalog - Hayat\u0131n Sa\u011flam Hali!","isPartOf":{"@id":"https:\/\/north-steelhomes.com\/#website"},"datePublished":"2022-12-22T14:24:25+00:00","dateModified":"2022-12-22T15:09:31+00:00","breadcrumb":{"@id":"https:\/\/north-steelhomes.com\/katalog\/#breadcrumb"},"inLanguage":"en-GB","potentialAction":[{"@type":"ReadAction","target":["https:\/\/north-steelhomes.com\/katalog\/"]}]},{"@type":"BreadcrumbList","@id":"https:\/\/north-steelhomes.com\/katalog\/#breadcrumb","itemListElement":[{"@type":"ListItem","position":1,"name":"Home","item":"https:\/\/north-steelhomes.com\/"},{"@type":"ListItem","position":2,"name":"katalog"}]},{"@type":"WebSite","@id":"https:\/\/north-steelhomes.com\/#website","url":"https:\/\/north-steelhomes.com\/","name":"Hayat\u0131n Sa\u011flam Hali!","description":"","publisher":{"@id":"https:\/\/north-steelhomes.com\/#organization"},"potentialAction":[{"@type":"SearchAction","target":{"@type":"EntryPoint","urlTemplate":"https:\/\/north-steelhomes.com\/?s={search_term_string}"},"query-input":"required name=search_term_string"}],"inLanguage":"en-GB"},{"@type":"Organization","@id":"https:\/\/north-steelhomes.com\/#organization","name":"Hayat\u0131n Sa\u011flam Hali!","url":"https:\/\/north-steelhomes.com\/","logo":{"@type":"ImageObject","inLanguage":"en-GB","@id":"https:\/\/north-steelhomes.com\/#\/schema\/logo\/image\/","url":"https:\/\/north-steelhomes.com\/wp-content\/uploads\/2022\/12\/cropped-North-Steel-Web-Logo.png","contentUrl":"https:\/\/north-steelhomes.com\/wp-content\/uploads\/2022\/12\/cropped-North-Steel-Web-Logo.png","width":200,"height":90,"caption":"Hayat\u0131n Sa\u011flam Hali!"},"image":{"@id":"https:\/\/north-steelhomes.com\/#\/schema\/logo\/image\/"}}]}},"_links":{"self":[{"href":"https:\/\/north-steelhomes.com\/en\/wp-json\/wp\/v2\/pages\/987656"}],"collection":[{"href":"https:\/\/north-steelhomes.com\/en\/wp-json\/wp\/v2\/pages"}],"about":[{"href":"https:\/\/north-steelhomes.com\/en\/wp-json\/wp\/v2\/types\/page"}],"author":[{"embeddable":true,"href":"https:\/\/north-steelhomes.com\/en\/wp-json\/wp\/v2\/users\/2"}],"replies":[{"embeddable":true,"href":"https:\/\/north-steelhomes.com\/en\/wp-json\/wp\/v2\/comments?post=987656"}],"version-history":[{"count":19,"href":"https:\/\/north-steelhomes.com\/en\/wp-json\/wp\/v2\/pages\/987656\/revisions"}],"predecessor-version":[{"id":987700,"href":"https:\/\/north-steelhomes.com\/en\/wp-json\/wp\/v2\/pages\/987656\/revisions\/987700"}],"wp:attachment":[{"href":"https:\/\/north-steelhomes.com\/en\/wp-json\/wp\/v2\/media?parent=987656"}],"curies":[{"name":"wp","href":"https:\/\/api.w.org\/{rel}","templated":true}]}}